{"id":2461,"date":"2017-01-24T08:08:38","date_gmt":"2017-01-24T08:08:38","guid":{"rendered":"http:\/\/www.lesvosrentals.gr\/tr\/?page_id=2461"},"modified":"2017-09-26T08:16:55","modified_gmt":"2017-09-26T08:16:55","slug":"about-us","status":"publish","type":"page","link":"https:\/\/www.lesvosrentals.gr\/tr\/?page_id=2461","title":{"rendered":"Hakk\u0131m\u0131zda"},"content":{"rendered":"<div  class=\"one withsmallpadding ppb_text\" style=\"text-align:left;padding:30px 0 30px 0;\" >\n<div class=\"standard_wrapper\">\n<div class=\"page_content_wrapper\">\n<div class=\"inner\">\n<div style=\"margin:auto;width:100%\">\n<p>TSALIS Rent a Car, ba\u011f\u0131ms\u0131z olarak sahip olunan ve i\u015fletilen bir araba kiralama \u015firketidir ve 1983 y\u0131l\u0131nda kurulmu\u015ftur.<\/p>\n<p>TSALIS Rent a Car, Kalloni&#8217;de ve Lesvos Adas\u0131&#8217;ndaki Petra&#8217;daki Yunanistan&#8217;da kiral\u0131k ofisleri var.<\/p>\n<p>Size kolayl\u0131k sa\u011flamak i\u00e7in, TSALIS Rent a Car size \u00fccretsiz ara\u00e7 teslimat\u0131 ve Mytilene Havaalan\u0131 ve Liman\u0131 kar\u015f\u0131lama hizmeti sunmaktad\u0131r.<\/p>\n<p>TSALIS Rent a Car otomobil filosu m\u00fc\u015fterilerimize \u00e7ok \u00e7e\u015fitli kiralama se\u00e7enekleri sunuyor.<\/p>\n<p>Mini ve orta otomobiller, yolcu minibileri, minivanlar ve 4 \u00d7 4 spor ara\u00e7lar\u0131 dahil bir\u00e7ok kategoride otomobilimiz var.<\/p>\n<div class=\"su-custom-gallery su-custom-gallery-title-never su-lightbox-gallery\">\n<div class=\"su-custom-gallery-slide\"><a href=\"http:\/\/www.lesvosrentals.gr\/tr\/wp-content\/uploads\/2017\/01\/tsalis-about-01.jpg\" title=\"tsalis-about-01\"><img decoding=\"async\" loading=\"lazy\" src=\"http:\/\/www.lesvosrentals.gr\/tr\/wp-content\/uploads\/2017\/01\/tsalis-about-01-190x100.jpg\" alt=\"tsalis-about-01\" width=\"190\" height=\"100\" \/><span class=\"su-custom-gallery-title\">tsalis-about-01<\/span><\/a><\/div>\n<div class=\"su-custom-gallery-slide\"><a href=\"http:\/\/www.lesvosrentals.gr\/tr\/wp-content\/uploads\/2017\/01\/tsalis-about-02.jpg\" title=\"tsalis-about-02\"><img decoding=\"async\" loading=\"lazy\" src=\"http:\/\/www.lesvosrentals.gr\/tr\/wp-content\/uploads\/2017\/01\/tsalis-about-02-190x100.jpg\" alt=\"tsalis-about-02\" width=\"190\" height=\"100\" \/><span class=\"su-custom-gallery-title\">tsalis-about-02<\/span><\/a><\/div>\n<div class=\"su-custom-gallery-slide\"><a href=\"http:\/\/www.lesvosrentals.gr\/tr\/wp-content\/uploads\/2017\/01\/tsalis-about-03.jpg\" title=\"tsalis-about-03\"><img decoding=\"async\" loading=\"lazy\" src=\"http:\/\/www.lesvosrentals.gr\/tr\/wp-content\/uploads\/2017\/01\/tsalis-about-03-190x100.jpg\" alt=\"tsalis-about-03\" width=\"190\" height=\"100\" \/><span class=\"su-custom-gallery-title\">tsalis-about-03<\/span><\/a><\/div>\n<div class=\"su-custom-gallery-slide\"><a href=\"http:\/\/www.lesvosrentals.gr\/tr\/wp-content\/uploads\/2017\/01\/tsalis-about-04.jpg\" title=\"tsalis-about-04\"><img decoding=\"async\" loading=\"lazy\" src=\"http:\/\/www.lesvosrentals.gr\/tr\/wp-content\/uploads\/2017\/01\/tsalis-about-04-190x100.jpg\" alt=\"tsalis-about-04\" width=\"190\" height=\"100\" \/><span class=\"su-custom-gallery-title\">tsalis-about-04<\/span><\/a><\/div>\n<div class=\"su-custom-gallery-slide\"><a href=\"http:\/\/www.lesvosrentals.gr\/tr\/wp-content\/uploads\/2017\/01\/tsalis-about-05.jpg\" title=\"tsalis-about-05\"><img decoding=\"async\" loading=\"lazy\" src=\"http:\/\/www.lesvosrentals.gr\/tr\/wp-content\/uploads\/2017\/01\/tsalis-about-05-190x100.jpg\" alt=\"tsalis-about-05\" width=\"190\" height=\"100\" \/><span class=\"su-custom-gallery-title\">tsalis-about-05<\/span><\/a><\/div>\n<div class=\"su-custom-gallery-slide\"><a href=\"http:\/\/www.lesvosrentals.gr\/tr\/wp-content\/uploads\/2017\/01\/tsalis-about-06.jpg\" title=\"tsalis-about-06\"><img decoding=\"async\" loading=\"lazy\" src=\"http:\/\/www.lesvosrentals.gr\/tr\/wp-content\/uploads\/2017\/01\/tsalis-about-06-190x100.jpg\" alt=\"tsalis-about-06\" width=\"190\" height=\"100\" \/><span class=\"su-custom-gallery-title\">tsalis-about-06<\/span><\/a><\/div>\n<div class=\"su-custom-gallery-slide\"><a href=\"http:\/\/www.lesvosrentals.gr\/tr\/wp-content\/uploads\/2017\/01\/tsalis-about-07.jpg\" title=\"tsalis-about-07\"><img decoding=\"async\" loading=\"lazy\" src=\"http:\/\/www.lesvosrentals.gr\/tr\/wp-content\/uploads\/2017\/01\/tsalis-about-07-190x100.jpg\" alt=\"tsalis-about-07\" width=\"190\" height=\"100\" \/><span class=\"su-custom-gallery-title\">tsalis-about-07<\/span><\/a><\/div>\n<div class=\"su-custom-gallery-slide\"><a href=\"http:\/\/www.lesvosrentals.gr\/tr\/wp-content\/uploads\/2017\/01\/tsalis-about-08.jpg\" title=\"tsalis-about-08\"><img decoding=\"async\" loading=\"lazy\" src=\"http:\/\/www.lesvosrentals.gr\/tr\/wp-content\/uploads\/2017\/01\/tsalis-about-08-190x100.jpg\" alt=\"tsalis-about-08\" width=\"190\" height=\"100\" \/><span class=\"su-custom-gallery-title\">tsalis-about-08<\/span><\/a><\/div>\n<div class=\"su-custom-gallery-slide\"><a href=\"http:\/\/www.lesvosrentals.gr\/tr\/wp-content\/uploads\/2017\/01\/tsalis-about-09.jpg\" title=\"tsalis-about-09\"><img decoding=\"async\" loading=\"lazy\" src=\"http:\/\/www.lesvosrentals.gr\/tr\/wp-content\/uploads\/2017\/01\/tsalis-about-09-190x100.jpg\" alt=\"tsalis-about-09\" width=\"190\" height=\"100\" \/><span class=\"su-custom-gallery-title\">tsalis-about-09<\/span><\/a><\/div>\n<div class=\"su-custom-gallery-slide\"><a href=\"http:\/\/www.lesvosrentals.gr\/tr\/wp-content\/uploads\/2017\/01\/tsalis-about-10.jpg\" title=\"tsalis-about-10\"><img decoding=\"async\" loading=\"lazy\" src=\"http:\/\/www.lesvosrentals.gr\/tr\/wp-content\/uploads\/2017\/01\/tsalis-about-10-190x100.jpg\" alt=\"tsalis-about-10\" width=\"190\" height=\"100\" \/><span class=\"su-custom-gallery-title\">tsalis-about-10<\/span><\/a><\/div>\n<div class=\"su-custom-gallery-slide\"><a href=\"http:\/\/www.lesvosrentals.gr\/tr\/wp-content\/uploads\/2017\/01\/tsalis-about-11.jpg\" title=\"tsalis-about-11\"><img decoding=\"async\" loading=\"lazy\" src=\"http:\/\/www.lesvosrentals.gr\/tr\/wp-content\/uploads\/2017\/01\/tsalis-about-11-190x100.jpg\" alt=\"tsalis-about-11\" width=\"190\" height=\"100\" \/><span class=\"su-custom-gallery-title\">tsalis-about-11<\/span><\/a><\/div>\n<div class=\"su-custom-gallery-slide\"><a href=\"http:\/\/www.lesvosrentals.gr\/tr\/wp-content\/uploads\/2017\/01\/tsalis-about-12.jpg\" title=\"tsalis-about-12\"><img decoding=\"async\" loading=\"lazy\" src=\"http:\/\/www.lesvosrentals.gr\/tr\/wp-content\/uploads\/2017\/01\/tsalis-about-12-190x100.jpg\" alt=\"tsalis-about-12\" width=\"190\" height=\"100\" \/><span class=\"su-custom-gallery-title\">tsalis-about-12<\/span><\/a><\/div>\n<div class=\"su-clear\"><\/div>\n<\/div>\n<\/div>\n<\/div>\n<\/div>\n<\/div>\n<\/div>\n","protected":false},"excerpt":{"rendered":"<p>TSALIS Rent a Car, ba\u011f\u0131ms\u0131z olarak sahip olunan ve i\u015fletilen bir araba kiralama \u015firketidir ve 1983 y\u0131l\u0131nda kurulmu\u015ftur. TSALIS Rent a Car, Kalloni&#8217;de ve Lesvos Adas\u0131&#8217;ndaki Petra&#8217;daki Yunanistan&#8217;da kiral\u0131k ofisleri var. Size kolayl\u0131k sa\u011flamak i\u00e7in, TSALIS Rent a Car size [&hellip;]<\/p>\n","protected":false},"author":1,"featured_media":0,"parent":0,"menu_order":0,"comment_status":"closed","ping_status":"closed","template":"","meta":[],"_links":{"self":[{"href":"https:\/\/www.lesvosrentals.gr\/tr\/index.php?rest_route=\/wp\/v2\/pages\/2461"}],"collection":[{"href":"https:\/\/www.lesvosrentals.gr\/tr\/index.php?rest_route=\/wp\/v2\/pages"}],"about":[{"href":"https:\/\/www.lesvosrentals.gr\/tr\/index.php?rest_route=\/wp\/v2\/types\/page"}],"author":[{"embeddable":true,"href":"https:\/\/www.lesvosrentals.gr\/tr\/index.php?rest_route=\/wp\/v2\/users\/1"}],"replies":[{"embeddable":true,"href":"https:\/\/www.lesvosrentals.gr\/tr\/index.php?rest_route=%2Fwp%2Fv2%2Fcomments&post=2461"}],"version-history":[{"count":52,"href":"https:\/\/www.lesvosrentals.gr\/tr\/index.php?rest_route=\/wp\/v2\/pages\/2461\/revisions"}],"predecessor-version":[{"id":3855,"href":"https:\/\/www.lesvosrentals.gr\/tr\/index.php?rest_route=\/wp\/v2\/pages\/2461\/revisions\/3855"}],"wp:attachment":[{"href":"https:\/\/www.lesvosrentals.gr\/tr\/index.php?rest_route=%2Fwp%2Fv2%2Fmedia&parent=2461"}],"curies":[{"name":"wp","href":"https:\/\/api.w.org\/{rel}","templated":true}]}}