{"id":3075,"date":"2017-01-26T08:56:45","date_gmt":"2017-01-26T08:56:45","guid":{"rendered":"http:\/\/www.lesvosrentals.gr\/tr\/?page_id=3075"},"modified":"2020-09-12T09:43:48","modified_gmt":"2020-09-12T06:43:48","slug":"home-1","status":"publish","type":"page","link":"https:\/\/www.lesvosrentals.gr\/tr\/","title":{"rendered":"Kalloni ve Midilli Lesvos Yunanistan&#8217;da Tsalis Rent a Car&#8217;a ho\u015f geldiniz"},"content":{"rendered":"<div  class=\"one withsmallpadding ppb_content_center_bg withbg parallax\"  style=\"height:600px;\" >\n<div class=\"one_third\" style=\"background:#000000;background:rgb(0,0,0,1);background:rgba(0,0,0,1);;padding:30px;\" data-stellar-ratio=\"1.3\">\n<div class=\"ppb_header_content\">\n<p><a href=\"https:\/\/www.ezcar.eu\/lesvosrentals\/index.php\" target=\"_blank\" rel=\"noopener noreferrer\"><img decoding=\"async\" loading=\"lazy\" class=\"alignnone wp-image-3884 size-full\" src=\"https:\/\/www.lesvosrentals.gr\/tr\/wp-content\/uploads\/2017\/01\/book-banner-en2.jpg\" alt=\"\" width=\"569\" height=\"82\" \/><\/a><\/p>\n<\/div>\n<\/div>\n<\/div>\n<div  class=\"one withsmallpadding ppb_header \" style=\"text-align:left;padding:30px 0 30px 0;\" >\n<div class=\"standard_wrapper\">\n<div class=\"page_content_wrapper\">\n<div class=\"inner\">\n<div style=\"margin:auto;width:100%\">\n<h2 class=\"ppb_title\" style=\"\">Birinci S\u0131n\u0131f Kiral\u0131k Araba Hizmetleri<\/h2>\n<\/div>\n<\/div>\n<\/div>\n<\/div>\n<\/div>\n<div  class=\"one withsmallpadding ppb_header \" style=\"text-align:left;padding:30px 0 30px 0;\" >\n<div class=\"standard_wrapper\">\n<div class=\"page_content_wrapper\">\n<div class=\"inner\">\n<div style=\"margin:auto;width:100%\">\n<h2 class=\"ppb_title\" style=\"\">Neden Bizi Se\u00e7melisiniz<\/h2>\n<\/div>\n<\/div>\n<\/div>\n<\/div>\n<\/div>\n<div  class=\"one withsmallpadding ppb_text\" style=\"text-align:left;padding:30px 0 30px 0;\" >\n<div class=\"standard_wrapper\">\n<div class=\"page_content_wrapper\">\n<div class=\"inner\">\n<div style=\"margin:auto;width:100%\">\n<div class=\"one_third \" style=\"\">\n<span class=\"ti-car\" style=\"display: block; font-size: 50px; margin-bottom: 20px;\">\u00a0<\/span><\/p>\n<h4 style=\"color: #fff;\">\u00c7e\u015fitli Ara\u00e7 \u00c7e\u015fitleri<\/h4>\n<p>K\u00fc\u00e7\u00fck arabalardan mini otob\u00fcs ile sizin i\u00e7in en iyi olan\u0131 se\u00e7mek.\n<\/p>\n<\/div>\n<div class=\"one_third \" style=\"\">\n<span class=\"ti-face-smile\" style=\"display: block; font-size: 50px; margin-bottom: 20px;\">\u00a0<\/span><\/p>\n<h4 style=\"color: #fff;\">En \u0130yi Fiyat Garantisi<\/h4>\n<p>Herhangi bir d\u00f6nem i\u00e7in \u00f6zel fiyatlar ve uzun kiralamalar i\u00e7in \u00f6zel teklifler.\n<\/p>\n<\/div>\n<div class=\"one_third last \" style=\"\">\n<span class=\"ti-heart\" style=\"display: block; font-size: 50px; margin-bottom: 20px;\">\u00a0<\/span><\/p>\n<h4 style=\"color: #fff;\">M\u00fcthi\u015f M\u00fc\u015fteri Deste\u011fi<\/h4>\n<p>Yan\u0131n\u0131zday\u0131z, g\u00fcnde 24 saat ve haftada 7 g\u00fcn.\n<\/p>\n<\/div>\n<p><br class=\"clear\"\/><\/p>\n<\/div>\n<\/div>\n<\/div>\n<\/div>\n<\/div>\n","protected":false},"excerpt":{"rendered":"<p>Birinci S\u0131n\u0131f Kiral\u0131k Araba Hizmetleri Neden Bizi Se\u00e7melisiniz \u00a0 \u00c7e\u015fitli Ara\u00e7 \u00c7e\u015fitleri K\u00fc\u00e7\u00fck arabalardan mini otob\u00fcs ile sizin i\u00e7in en iyi olan\u0131 se\u00e7mek. \u00a0 En \u0130yi Fiyat Garantisi Herhangi bir d\u00f6nem i\u00e7in \u00f6zel fiyatlar ve uzun kiralamalar i\u00e7in \u00f6zel teklifler. [&hellip;]<\/p>\n","protected":false},"author":1,"featured_media":0,"parent":0,"menu_order":0,"comment_status":"closed","ping_status":"closed","template":"","meta":[],"_links":{"self":[{"href":"https:\/\/www.lesvosrentals.gr\/tr\/index.php?rest_route=\/wp\/v2\/pages\/3075"}],"collection":[{"href":"https:\/\/www.lesvosrentals.gr\/tr\/index.php?rest_route=\/wp\/v2\/pages"}],"about":[{"href":"https:\/\/www.lesvosrentals.gr\/tr\/index.php?rest_route=\/wp\/v2\/types\/page"}],"author":[{"embeddable":true,"href":"https:\/\/www.lesvosrentals.gr\/tr\/index.php?rest_route=\/wp\/v2\/users\/1"}],"replies":[{"embeddable":true,"href":"https:\/\/www.lesvosrentals.gr\/tr\/index.php?rest_route=%2Fwp%2Fv2%2Fcomments&post=3075"}],"version-history":[{"count":52,"href":"https:\/\/www.lesvosrentals.gr\/tr\/index.php?rest_route=\/wp\/v2\/pages\/3075\/revisions"}],"predecessor-version":[{"id":3962,"href":"https:\/\/www.lesvosrentals.gr\/tr\/index.php?rest_route=\/wp\/v2\/pages\/3075\/revisions\/3962"}],"wp:attachment":[{"href":"https:\/\/www.lesvosrentals.gr\/tr\/index.php?rest_route=%2Fwp%2Fv2%2Fmedia&parent=3075"}],"curies":[{"name":"wp","href":"https:\/\/api.w.org\/{rel}","templated":true}]}}