{"id":3207,"date":"2017-08-20T11:13:21","date_gmt":"2017-08-20T11:13:21","guid":{"rendered":"http:\/\/www.lesvosrentals.gr\/tr\/?page_id=3207"},"modified":"2017-09-26T09:00:46","modified_gmt":"2017-09-26T09:00:46","slug":"our-cars","status":"publish","type":"page","link":"https:\/\/www.lesvosrentals.gr\/tr\/?page_id=3207","title":{"rendered":"T\u00fcm Ara\u00e7lar\u0131m\u0131z"},"content":{"rendered":"<div  class=\"ppb_car_classic one nopadding \" >\n<div class=\"page_content_wrapper page_main_content sidebar_content full_width fixed_column\">\n<div class=\"standard_wrapper\">\n<div id=\"1503832110693071261\" class=\"portfolio_filter_wrapper gallery classic four_cols\" data-columns=\"4\">\n<div class=\"element grid classic4_cols animated1\">\n<div class=\"one_fourth gallery4 classic static filterable portfolio_type themeborder\"><a class=\"car_image\" href=\"http:\/\/www.lesvosrentals.gr\/tr\/car\/citroen-c1\/\"><br \/>\n\t\t\t\t\t<img decoding=\"async\" src=\"http:\/\/www.lesvosrentals.gr\/tr\/wp-content\/uploads\/2017\/08\/Citroen-C1-1-700x466.jpg\" alt=\"CITRO\u00cbN C1\" \/><\/a><\/p>\n<div class=\"portfolio_info_wrapper\">\n<div class=\"car_attribute_wrapper\"><a class=\"car_link\" href=\"http:\/\/www.lesvosrentals.gr\/tr\/car\/citroen-c1\/\"><\/p>\n<h5>CITRO\u00cbN C1<\/h5>\n<p><\/a><\/p>\n<div class=\"car_attribute_wrapper_icon\">\n<div class=\"one_fourth\">\n<div class=\"car_attribute_icon ti-briefcase\"><\/div>\n<div class=\"car_attribute_content\">1\n\t\t\t\t\t\t\t<\/div><\/div>\n<div class=\"one_fourth\">\n<div class=\"car_attribute_icon ti-panel\"><\/div>\n<div class=\"car_attribute_content\">Manual\n\t\t\t\t\t\t\t<\/div><\/div>\n<\/div>\n<p><br class=\"clear\"\/><\/div>\n<div class=\"car_attribute_price\"><\/div>\n<p>        \t\t    <br class=\"clear\"\/>\n\t\t\t\t<\/div>\n<\/div>\n<\/div>\n<div class=\"element grid classic4_cols animated2\">\n<div class=\"one_fourth gallery4 classic static filterable portfolio_type themeborder\"><a class=\"car_image\" href=\"http:\/\/www.lesvosrentals.gr\/tr\/car\/citroen-c3\/\"><br \/>\n\t\t\t\t\t<img decoding=\"async\" src=\"http:\/\/www.lesvosrentals.gr\/tr\/wp-content\/uploads\/2017\/08\/Citroen-C3-2017-1-700x466.jpg\" alt=\"CITRO\u00cbN C3\" \/><\/a><\/p>\n<div class=\"portfolio_info_wrapper\">\n<div class=\"car_attribute_wrapper\"><a class=\"car_link\" href=\"http:\/\/www.lesvosrentals.gr\/tr\/car\/citroen-c3\/\"><\/p>\n<h5>CITRO\u00cbN C3<\/h5>\n<p><\/a><\/p>\n<div class=\"car_attribute_wrapper_icon\">\n<div class=\"one_fourth\">\n<div class=\"car_attribute_icon ti-briefcase\"><\/div>\n<div class=\"car_attribute_content\">2\n\t\t\t\t\t\t\t<\/div><\/div>\n<div class=\"one_fourth\">\n<div class=\"car_attribute_icon ti-panel\"><\/div>\n<div class=\"car_attribute_content\">Manual\n\t\t\t\t\t\t\t<\/div><\/div>\n<\/div>\n<p><br class=\"clear\"\/><\/div>\n<div class=\"car_attribute_price\"><\/div>\n<p>        \t\t    <br class=\"clear\"\/>\n\t\t\t\t<\/div>\n<\/div>\n<\/div>\n<div class=\"element grid classic4_cols animated3\">\n<div class=\"one_fourth gallery4 classic static filterable portfolio_type themeborder\"><a class=\"car_image\" href=\"http:\/\/www.lesvosrentals.gr\/tr\/car\/citroen-c3-2\/\"><br \/>\n\t\t\t\t\t<img decoding=\"async\" src=\"http:\/\/www.lesvosrentals.gr\/tr\/wp-content\/uploads\/2017\/08\/Citroen-C3-2015-1-700x466.jpg\" alt=\"CITRO\u00cbN C3 D\" \/><\/a><\/p>\n<div class=\"portfolio_info_wrapper\">\n<div class=\"car_attribute_wrapper\"><a class=\"car_link\" href=\"http:\/\/www.lesvosrentals.gr\/tr\/car\/citroen-c3-2\/\"><\/p>\n<h5>CITRO\u00cbN C3 D<\/h5>\n<p><\/a><\/p>\n<div class=\"car_attribute_wrapper_icon\">\n<div class=\"one_fourth\">\n<div class=\"car_attribute_icon ti-briefcase\"><\/div>\n<div class=\"car_attribute_content\">2\n\t\t\t\t\t\t\t<\/div><\/div>\n<div class=\"one_fourth\">\n<div class=\"car_attribute_icon ti-panel\"><\/div>\n<div class=\"car_attribute_content\">Manual\n\t\t\t\t\t\t\t<\/div><\/div>\n<\/div>\n<p><br class=\"clear\"\/><\/div>\n<div class=\"car_attribute_price\"><\/div>\n<p>        \t\t    <br class=\"clear\"\/>\n\t\t\t\t<\/div>\n<\/div>\n<\/div>\n<div class=\"element grid classic4_cols animated4\">\n<div class=\"one_fourth gallery4 classic static filterable portfolio_type themeborder\"><a class=\"car_image\" href=\"http:\/\/www.lesvosrentals.gr\/tr\/car\/citroen-jumpy-9-seats\/\"><br \/>\n\t\t\t\t\t<img decoding=\"async\" src=\"http:\/\/www.lesvosrentals.gr\/tr\/wp-content\/uploads\/2017\/08\/jumpy-1-700x466.jpg\" alt=\"CITRO\u00cbN Jumpy 9Seats\" \/><\/a><\/p>\n<div class=\"portfolio_info_wrapper\">\n<div class=\"car_attribute_wrapper\"><a class=\"car_link\" href=\"http:\/\/www.lesvosrentals.gr\/tr\/car\/citroen-jumpy-9-seats\/\"><\/p>\n<h5>CITRO\u00cbN Jumpy 9Seats<\/h5>\n<p><\/a><\/p>\n<div class=\"car_attribute_wrapper_icon\">\n<div class=\"one_fourth\">\n<div class=\"car_attribute_icon ti-briefcase\"><\/div>\n<div class=\"car_attribute_content\">4\n\t\t\t\t\t\t\t<\/div><\/div>\n<div class=\"one_fourth\">\n<div class=\"car_attribute_icon ti-panel\"><\/div>\n<div class=\"car_attribute_content\">Manual\n\t\t\t\t\t\t\t<\/div><\/div>\n<\/div>\n<p><br class=\"clear\"\/><\/div>\n<div class=\"car_attribute_price\"><\/div>\n<p>        \t\t    <br class=\"clear\"\/>\n\t\t\t\t<\/div>\n<\/div>\n<\/div>\n<div class=\"element grid classic4_cols animated5\">\n<div class=\"one_fourth gallery4 classic static filterable portfolio_type themeborder\"><a class=\"car_image\" href=\"http:\/\/www.lesvosrentals.gr\/tr\/car\/fiat-panda\/\"><br \/>\n\t\t\t\t\t<img decoding=\"async\" src=\"http:\/\/www.lesvosrentals.gr\/tr\/wp-content\/uploads\/2017\/08\/Fiat-Panda-2015-1-700x466.jpg\" alt=\"FIAT Panda\" \/><\/a><\/p>\n<div class=\"portfolio_info_wrapper\">\n<div class=\"car_attribute_wrapper\"><a class=\"car_link\" href=\"http:\/\/www.lesvosrentals.gr\/tr\/car\/fiat-panda\/\"><\/p>\n<h5>FIAT Panda<\/h5>\n<p><\/a><\/p>\n<div class=\"car_attribute_wrapper_icon\">\n<div class=\"one_fourth\">\n<div class=\"car_attribute_icon ti-briefcase\"><\/div>\n<div class=\"car_attribute_content\">2\n\t\t\t\t\t\t\t<\/div><\/div>\n<div class=\"one_fourth\">\n<div class=\"car_attribute_icon ti-panel\"><\/div>\n<div class=\"car_attribute_content\">Manual\n\t\t\t\t\t\t\t<\/div><\/div>\n<\/div>\n<p><br class=\"clear\"\/><\/div>\n<div class=\"car_attribute_price\"><\/div>\n<p>        \t\t    <br class=\"clear\"\/>\n\t\t\t\t<\/div>\n<\/div>\n<\/div>\n<div class=\"element grid classic4_cols animated6\">\n<div class=\"one_fourth gallery4 classic static filterable portfolio_type themeborder\"><a class=\"car_image\" href=\"http:\/\/www.lesvosrentals.gr\/tr\/car\/fiat-panda-4x4\/\"><br \/>\n\t\t\t\t\t<img decoding=\"async\" src=\"http:\/\/www.lesvosrentals.gr\/tr\/wp-content\/uploads\/2017\/08\/panta-1-700x466.jpg\" alt=\"FIAT Panda 4&#215;4\" \/><\/a><\/p>\n<div class=\"portfolio_info_wrapper\">\n<div class=\"car_attribute_wrapper\"><a class=\"car_link\" href=\"http:\/\/www.lesvosrentals.gr\/tr\/car\/fiat-panda-4x4\/\"><\/p>\n<h5>FIAT Panda 4&#215;4<\/h5>\n<p><\/a><\/p>\n<div class=\"car_attribute_wrapper_icon\">\n<div class=\"one_fourth\">\n<div class=\"car_attribute_icon ti-briefcase\"><\/div>\n<div class=\"car_attribute_content\">2\n\t\t\t\t\t\t\t<\/div><\/div>\n<div class=\"one_fourth\">\n<div class=\"car_attribute_icon ti-panel\"><\/div>\n<div class=\"car_attribute_content\">Manual\n\t\t\t\t\t\t\t<\/div><\/div>\n<\/div>\n<p><br class=\"clear\"\/><\/div>\n<div class=\"car_attribute_price\"><\/div>\n<p>        \t\t    <br class=\"clear\"\/>\n\t\t\t\t<\/div>\n<\/div>\n<\/div>\n<div class=\"element grid classic4_cols animated7\">\n<div class=\"one_fourth gallery4 classic static filterable portfolio_type themeborder\"><a class=\"car_image\" href=\"http:\/\/www.lesvosrentals.gr\/tr\/car\/hyundai-i10\/\"><br \/>\n\t\t\t\t\t<img decoding=\"async\" src=\"http:\/\/www.lesvosrentals.gr\/tr\/wp-content\/uploads\/2017\/08\/i10-1-700x466.jpg\" alt=\"HYUNDAI i10\" \/><\/a><\/p>\n<div class=\"portfolio_info_wrapper\">\n<div class=\"car_attribute_wrapper\"><a class=\"car_link\" href=\"http:\/\/www.lesvosrentals.gr\/tr\/car\/hyundai-i10\/\"><\/p>\n<h5>HYUNDAI i10<\/h5>\n<p><\/a><\/p>\n<div class=\"car_attribute_wrapper_icon\">\n<div class=\"one_fourth\">\n<div class=\"car_attribute_icon ti-briefcase\"><\/div>\n<div class=\"car_attribute_content\">1\n\t\t\t\t\t\t\t<\/div><\/div>\n<div class=\"one_fourth\">\n<div class=\"car_attribute_icon ti-panel\"><\/div>\n<div class=\"car_attribute_content\">Manual\n\t\t\t\t\t\t\t<\/div><\/div>\n<\/div>\n<p><br class=\"clear\"\/><\/div>\n<div class=\"car_attribute_price\"><\/div>\n<p>        \t\t    <br class=\"clear\"\/>\n\t\t\t\t<\/div>\n<\/div>\n<\/div>\n<div class=\"element grid classic4_cols animated8\">\n<div class=\"one_fourth gallery4 classic static filterable portfolio_type themeborder\"><a class=\"car_image\" href=\"http:\/\/www.lesvosrentals.gr\/tr\/car\/hyundai-i20\/\"><br \/>\n\t\t\t\t\t<img decoding=\"async\" src=\"http:\/\/www.lesvosrentals.gr\/tr\/wp-content\/uploads\/2017\/08\/Hyundai-i20-2013-1-700x466.jpg\" alt=\"HYUNDAI i20\" \/><\/a><\/p>\n<div class=\"portfolio_info_wrapper\">\n<div class=\"car_attribute_wrapper\"><a class=\"car_link\" href=\"http:\/\/www.lesvosrentals.gr\/tr\/car\/hyundai-i20\/\"><\/p>\n<h5>HYUNDAI i20<\/h5>\n<p><\/a><\/p>\n<div class=\"car_attribute_wrapper_icon\">\n<div class=\"one_fourth\">\n<div class=\"car_attribute_icon ti-briefcase\"><\/div>\n<div class=\"car_attribute_content\">2\n\t\t\t\t\t\t\t<\/div><\/div>\n<div class=\"one_fourth\">\n<div class=\"car_attribute_icon ti-panel\"><\/div>\n<div class=\"car_attribute_content\">Manual\n\t\t\t\t\t\t\t<\/div><\/div>\n<\/div>\n<p><br class=\"clear\"\/><\/div>\n<div class=\"car_attribute_price\"><\/div>\n<p>        \t\t    <br class=\"clear\"\/>\n\t\t\t\t<\/div>\n<\/div>\n<\/div>\n<div class=\"element grid classic4_cols animated9\">\n<div class=\"one_fourth gallery4 classic static filterable portfolio_type themeborder\"><a class=\"car_image\" href=\"http:\/\/www.lesvosrentals.gr\/tr\/car\/hyundai-i20-2\/\"><br \/>\n\t\t\t\t\t<img decoding=\"async\" src=\"http:\/\/www.lesvosrentals.gr\/tr\/wp-content\/uploads\/2017\/08\/i20-auto-1-700x466.jpg\" alt=\"HYUNDAI i20 Automatic\" \/><\/a><\/p>\n<div class=\"portfolio_info_wrapper\">\n<div class=\"car_attribute_wrapper\"><a class=\"car_link\" href=\"http:\/\/www.lesvosrentals.gr\/tr\/car\/hyundai-i20-2\/\"><\/p>\n<h5>HYUNDAI i20 Automatic<\/h5>\n<p><\/a><\/p>\n<div class=\"car_attribute_wrapper_icon\">\n<div class=\"one_fourth\">\n<div class=\"car_attribute_icon ti-briefcase\"><\/div>\n<div class=\"car_attribute_content\">2\n\t\t\t\t\t\t\t<\/div><\/div>\n<div class=\"one_fourth\">\n<div class=\"car_attribute_icon ti-panel\"><\/div>\n<div class=\"car_attribute_content\">Auto\n\t\t\t\t\t\t\t<\/div><\/div>\n<\/div>\n<p><br class=\"clear\"\/><\/div>\n<div class=\"car_attribute_price\"><\/div>\n<p>        \t\t    <br class=\"clear\"\/>\n\t\t\t\t<\/div>\n<\/div>\n<\/div>\n<div class=\"element grid classic4_cols animated10\">\n<div class=\"one_fourth gallery4 classic static filterable portfolio_type themeborder\"><a class=\"car_image\" href=\"http:\/\/www.lesvosrentals.gr\/tr\/car\/hyundai-i20-d\/\"><br \/>\n\t\t\t\t\t<img decoding=\"async\" src=\"http:\/\/www.lesvosrentals.gr\/tr\/wp-content\/uploads\/2017\/08\/Hyundai-i20-2014-1-700x466.jpg\" alt=\"HYUNDAI i20 D\" \/><\/a><\/p>\n<div class=\"portfolio_info_wrapper\">\n<div class=\"car_attribute_wrapper\"><a class=\"car_link\" href=\"http:\/\/www.lesvosrentals.gr\/tr\/car\/hyundai-i20-d\/\"><\/p>\n<h5>HYUNDAI i20 D<\/h5>\n<p><\/a><\/p>\n<div class=\"car_attribute_wrapper_icon\">\n<div class=\"one_fourth\">\n<div class=\"car_attribute_icon ti-briefcase\"><\/div>\n<div class=\"car_attribute_content\">2\n\t\t\t\t\t\t\t<\/div><\/div>\n<div class=\"one_fourth\">\n<div class=\"car_attribute_icon ti-panel\"><\/div>\n<div class=\"car_attribute_content\">Manual\n\t\t\t\t\t\t\t<\/div><\/div>\n<\/div>\n<p><br class=\"clear\"\/><\/div>\n<div class=\"car_attribute_price\"><\/div>\n<p>        \t\t    <br class=\"clear\"\/>\n\t\t\t\t<\/div>\n<\/div>\n<\/div>\n<div class=\"element grid classic4_cols animated11\">\n<div class=\"one_fourth gallery4 classic static filterable portfolio_type themeborder\"><a class=\"car_image\" href=\"http:\/\/www.lesvosrentals.gr\/tr\/car\/hyundai-i30\/\"><br \/>\n\t\t\t\t\t<img decoding=\"async\" src=\"http:\/\/www.lesvosrentals.gr\/tr\/wp-content\/uploads\/2017\/08\/Hyundai-i30-1-700x466.jpg\" alt=\"HYUNDAI i30\" \/><\/a><\/p>\n<div class=\"portfolio_info_wrapper\">\n<div class=\"car_attribute_wrapper\"><a class=\"car_link\" href=\"http:\/\/www.lesvosrentals.gr\/tr\/car\/hyundai-i30\/\"><\/p>\n<h5>HYUNDAI i30<\/h5>\n<p><\/a><\/p>\n<div class=\"car_attribute_wrapper_icon\">\n<div class=\"one_fourth\">\n<div class=\"car_attribute_icon ti-briefcase\"><\/div>\n<div class=\"car_attribute_content\">3\n\t\t\t\t\t\t\t<\/div><\/div>\n<div class=\"one_fourth\">\n<div class=\"car_attribute_icon ti-panel\"><\/div>\n<div class=\"car_attribute_content\">Manual\n\t\t\t\t\t\t\t<\/div><\/div>\n<\/div>\n<p><br class=\"clear\"\/><\/div>\n<div class=\"car_attribute_price\"><\/div>\n<p>        \t\t    <br class=\"clear\"\/>\n\t\t\t\t<\/div>\n<\/div>\n<\/div>\n<div class=\"element grid classic4_cols animated12\">\n<div class=\"one_fourth gallery4 classic static filterable portfolio_type themeborder\"><a class=\"car_image\" href=\"http:\/\/www.lesvosrentals.gr\/tr\/car\/nissan-primastar-9seats\/\"><br \/>\n\t\t\t\t\t<img decoding=\"async\" src=\"http:\/\/www.lesvosrentals.gr\/tr\/wp-content\/uploads\/2017\/08\/primastar-1-700x466.jpg\" alt=\"NISSAN PRIMASTAR 9seats\" \/><\/a><\/p>\n<div class=\"portfolio_info_wrapper\">\n<div class=\"car_attribute_wrapper\"><a class=\"car_link\" href=\"http:\/\/www.lesvosrentals.gr\/tr\/car\/nissan-primastar-9seats\/\"><\/p>\n<h5>NISSAN PRIMASTAR 9seats<\/h5>\n<p><\/a><\/p>\n<div class=\"car_attribute_wrapper_icon\">\n<div class=\"one_fourth\">\n<div class=\"car_attribute_icon ti-briefcase\"><\/div>\n<div class=\"car_attribute_content\">10\n\t\t\t\t\t\t\t<\/div><\/div>\n<div class=\"one_fourth\">\n<div class=\"car_attribute_icon ti-panel\"><\/div>\n<div class=\"car_attribute_content\">Manual\n\t\t\t\t\t\t\t<\/div><\/div>\n<\/div>\n<p><br class=\"clear\"\/><\/div>\n<div class=\"car_attribute_price\"><\/div>\n<p>        \t\t    <br class=\"clear\"\/>\n\t\t\t\t<\/div>\n<\/div>\n<\/div>\n<div class=\"element grid classic4_cols animated13\">\n<div class=\"one_fourth gallery4 classic static filterable portfolio_type themeborder\"><a class=\"car_image\" href=\"http:\/\/www.lesvosrentals.gr\/tr\/car\/peugeot-108-automatic\/\"><br \/>\n\t\t\t\t\t<img decoding=\"async\" src=\"http:\/\/www.lesvosrentals.gr\/tr\/wp-content\/uploads\/2017\/08\/108-auto-1-700x466.jpg\" alt=\"PEUGEOT 108 Automatic\" \/><\/a><\/p>\n<div class=\"portfolio_info_wrapper\">\n<div class=\"car_attribute_wrapper\"><a class=\"car_link\" href=\"http:\/\/www.lesvosrentals.gr\/tr\/car\/peugeot-108-automatic\/\"><\/p>\n<h5>PEUGEOT 108 Automatic<\/h5>\n<p><\/a><\/p>\n<div class=\"car_attribute_wrapper_icon\">\n<div class=\"one_fourth\">\n<div class=\"car_attribute_icon ti-briefcase\"><\/div>\n<div class=\"car_attribute_content\">1\n\t\t\t\t\t\t\t<\/div><\/div>\n<div class=\"one_fourth\">\n<div class=\"car_attribute_icon ti-panel\"><\/div>\n<div class=\"car_attribute_content\">Auto\n\t\t\t\t\t\t\t<\/div><\/div>\n<\/div>\n<p><br class=\"clear\"\/><\/div>\n<div class=\"car_attribute_price\"><\/div>\n<p>        \t\t    <br class=\"clear\"\/>\n\t\t\t\t<\/div>\n<\/div>\n<\/div>\n<div class=\"element grid classic4_cols animated14\">\n<div class=\"one_fourth gallery4 classic static filterable portfolio_type themeborder\"><a class=\"car_image\" href=\"http:\/\/www.lesvosrentals.gr\/tr\/car\/peugeot-208-automatic\/\"><br \/>\n\t\t\t\t\t<img decoding=\"async\" src=\"http:\/\/www.lesvosrentals.gr\/tr\/wp-content\/uploads\/2017\/08\/208-1-700x466.jpg\" alt=\"PEUGEOT 208 Automatic\" \/><\/a><\/p>\n<div class=\"portfolio_info_wrapper\">\n<div class=\"car_attribute_wrapper\"><a class=\"car_link\" href=\"http:\/\/www.lesvosrentals.gr\/tr\/car\/peugeot-208-automatic\/\"><\/p>\n<h5>PEUGEOT 208 Automatic<\/h5>\n<p><\/a><\/p>\n<div class=\"car_attribute_wrapper_icon\">\n<div class=\"one_fourth\">\n<div class=\"car_attribute_icon ti-briefcase\"><\/div>\n<div class=\"car_attribute_content\">3\n\t\t\t\t\t\t\t<\/div><\/div>\n<div class=\"one_fourth\">\n<div class=\"car_attribute_icon ti-panel\"><\/div>\n<div class=\"car_attribute_content\">Auto\n\t\t\t\t\t\t\t<\/div><\/div>\n<\/div>\n<p><br class=\"clear\"\/><\/div>\n<div class=\"car_attribute_price\"><\/div>\n<p>        \t\t    <br class=\"clear\"\/>\n\t\t\t\t<\/div>\n<\/div>\n<\/div>\n<div class=\"element grid classic4_cols animated15\">\n<div class=\"one_fourth gallery4 classic static filterable portfolio_type themeborder\"><a class=\"car_image\" href=\"http:\/\/www.lesvosrentals.gr\/tr\/car\/skoda-citigo\/\"><br \/>\n\t\t\t\t\t<img decoding=\"async\" src=\"http:\/\/www.lesvosrentals.gr\/tr\/wp-content\/uploads\/2017\/08\/Skoda-Citigo-1-700x466.jpg\" alt=\"\u0160KODA Citigo\" \/><\/a><\/p>\n<div class=\"portfolio_info_wrapper\">\n<div class=\"car_attribute_wrapper\"><a class=\"car_link\" href=\"http:\/\/www.lesvosrentals.gr\/tr\/car\/skoda-citigo\/\"><\/p>\n<h5>\u0160KODA Citigo<\/h5>\n<p><\/a><\/p>\n<div class=\"car_attribute_wrapper_icon\">\n<div class=\"one_fourth\">\n<div class=\"car_attribute_icon ti-briefcase\"><\/div>\n<div class=\"car_attribute_content\">2\n\t\t\t\t\t\t\t<\/div><\/div>\n<div class=\"one_fourth\">\n<div class=\"car_attribute_icon ti-panel\"><\/div>\n<div class=\"car_attribute_content\">Manual\n\t\t\t\t\t\t\t<\/div><\/div>\n<\/div>\n<p><br class=\"clear\"\/><\/div>\n<div class=\"car_attribute_price\"><\/div>\n<p>        \t\t    <br class=\"clear\"\/>\n\t\t\t\t<\/div>\n<\/div>\n<\/div>\n<\/div>\n<\/div>\n<\/div>\n<\/div>\n","protected":false},"excerpt":{"rendered":"<p>CITRO\u00cbN C1 1 Manual CITRO\u00cbN C3 2 Manual CITRO\u00cbN C3 D 2 Manual CITRO\u00cbN Jumpy 9Seats 4 Manual FIAT Panda 2 Manual FIAT Panda 4&#215;4 2 Manual HYUNDAI i10 1 Manual HYUNDAI i20 2 Manual HYUNDAI i20 Automatic 2 Auto [&hellip;]<\/p>\n","protected":false},"author":1,"featured_media":0,"parent":0,"menu_order":0,"comment_status":"closed","ping_status":"closed","template":"","meta":[],"_links":{"self":[{"href":"https:\/\/www.lesvosrentals.gr\/tr\/index.php?rest_route=\/wp\/v2\/pages\/3207"}],"collection":[{"href":"https:\/\/www.lesvosrentals.gr\/tr\/index.php?rest_route=\/wp\/v2\/pages"}],"about":[{"href":"https:\/\/www.lesvosrentals.gr\/tr\/index.php?rest_route=\/wp\/v2\/types\/page"}],"author":[{"embeddable":true,"href":"https:\/\/www.lesvosrentals.gr\/tr\/index.php?rest_route=\/wp\/v2\/users\/1"}],"replies":[{"embeddable":true,"href":"https:\/\/www.lesvosrentals.gr\/tr\/index.php?rest_route=%2Fwp%2Fv2%2Fcomments&post=3207"}],"version-history":[{"count":43,"href":"https:\/\/www.lesvosrentals.gr\/tr\/index.php?rest_route=\/wp\/v2\/pages\/3207\/revisions"}],"predecessor-version":[{"id":3876,"href":"https:\/\/www.lesvosrentals.gr\/tr\/index.php?rest_route=\/wp\/v2\/pages\/3207\/revisions\/3876"}],"wp:attachment":[{"href":"https:\/\/www.lesvosrentals.gr\/tr\/index.php?rest_route=%2Fwp%2Fv2%2Fmedia&parent=3207"}],"curies":[{"name":"wp","href":"https:\/\/api.w.org\/{rel}","templated":true}]}}