{"id":3343,"date":"2017-08-21T03:47:24","date_gmt":"2017-08-21T03:47:24","guid":{"rendered":"http:\/\/www.lesvosrentals.gr\/tr\/?page_id=3343"},"modified":"2017-09-26T08:10:17","modified_gmt":"2017-09-26T08:10:17","slug":"northern-lesvos","status":"publish","type":"page","link":"https:\/\/www.lesvosrentals.gr\/tr\/?page_id=3343","title":{"rendered":"Kuzey Lesvos"},"content":{"rendered":"<div class=\"su-row\">\n<div class=\"su-column su-column-size-2-5\"><div class=\"su-column-inner su-u-clearfix su-u-trim\">\n<p style=\"text-align: justify;\">Kuzeye do\u011fru \u00e7\u0131karken kar\u015f\u0131n\u0131za ilk \u00f6nce dev bir kaya ve zirvesine yerle\u015fmi\u015f, 114 basamakl\u0131 Panagia Glikofilousa Kilisesi \u00e7\u0131kacakt\u0131r. Hem Petra hem Anaksos sahilleri uzun kumsallar\u0131 ile adan\u0131n en \u00e7ok turist \u00e7eken b\u00f6lgelerinden biridir.<\/p>\n<p style=\"text-align: justify;\">Petra sahillerini geride b\u0131rakarak ilerlerken orta\u00e7a\u011fdan kalma \u00f6zg\u00fcn mimarisi ile adan\u0131n sembol\u00fc haline gelen turistik sayfiye beldesi Molivos, antik Mithimna\u2019y\u0131 g\u00fcn\u00fcm\u00fcze kadar gururla ta\u015f\u0131yan ma\u011frur kalesi ile sizleri selamlar.<\/p>\n<p style=\"text-align: justify;\">Molivos sahilinde eskinin zeytinya\u011f\u0131 fabrikas\u0131 g\u00fcn\u00fcm\u00fcz\u00fcn restore edilmi\u015f butik oteli, ziyaret edilebilir. 3 km. ilerde \u015fifal\u0131 su kaynaklar\u0131 ve cazip sahili ile Eftalu sizi beklemektedir.<\/p>\n<p style=\"text-align: justify;\">Ayn\u0131 g\u00fczergahta Lepetemnos tepesine oyulmu\u015f muhte\u015fem manzaral\u0131 Vafios k\u00f6y\u00fc de a\u00e7\u0131k denizi seyreyler. Biraz daha ilerde \u00fcnl\u00fc yazar Stratis Mirivilis\u2019in evinin de bulundu\u011fu Skamnia k\u00f6y\u00fc ve 3 km. a\u015fa\u011f\u0131s\u0131nda Skala Skamnias sahili, Panaya Gorgona kilisesi ve muhte\u015fem g\u00fcnbat\u0131m\u0131 ile karakteristik bir bal\u0131k\u00e7\u0131 k\u00f6y\u00fcd\u00fcr.<\/p>\n<p style=\"text-align: justify;\">Kuzeyde Lafiona, Skoutaro\u2019da \u015firin k\u00f6y Stipsi ve g\u00fczel \u00c7onya (Tsonia) liman\u0131 ile Kapi k\u00f6yleri de g\u00f6r\u00fclmeye de\u011fer.<\/p>\n<\/div><\/div><div class=\"su-column su-column-size-2-5\"><div class=\"su-column-inner su-u-clearfix su-u-trim\">\n<div class=\"su-custom-gallery su-custom-gallery-align-left su-custom-gallery-title-never su-lightbox-gallery\"><div class=\"su-custom-gallery-slide\" style=\"width:140px;height:90px\"><a href=\"https:\/\/www.lesvosrentals.gr\/tr\/wp-content\/uploads\/2017\/08\/01_stypsi.jpg\" title=\"01_stypsi\"><img src=\"https:\/\/www.lesvosrentals.gr\/tr\/wp-content\/uploads\/2017\/08\/01_stypsi-140x90.jpg\" alt=\"01_stypsi\" width=\"140\" height=\"90\" \/><span class=\"su-custom-gallery-title\">01_stypsi<\/span><\/a><\/div><div class=\"su-custom-gallery-slide\" style=\"width:140px;height:90px\"><a href=\"https:\/\/www.lesvosrentals.gr\/tr\/wp-content\/uploads\/2017\/08\/01_stypsi1.jpg\" title=\"01_stypsi1\"><img src=\"https:\/\/www.lesvosrentals.gr\/tr\/wp-content\/uploads\/2017\/08\/01_stypsi1-140x90.jpg\" alt=\"01_stypsi1\" width=\"140\" height=\"90\" \/><span class=\"su-custom-gallery-title\">01_stypsi1<\/span><\/a><\/div><div class=\"su-custom-gallery-slide\" style=\"width:140px;height:90px\"><a href=\"https:\/\/www.lesvosrentals.gr\/tr\/wp-content\/uploads\/2017\/08\/02_petra.jpg\" title=\"02_petra\"><img src=\"https:\/\/www.lesvosrentals.gr\/tr\/wp-content\/uploads\/2017\/08\/02_petra-140x90.jpg\" alt=\"02_petra\" width=\"140\" height=\"90\" \/><span class=\"su-custom-gallery-title\">02_petra<\/span><\/a><\/div><div class=\"su-custom-gallery-slide\" style=\"width:140px;height:90px\"><a href=\"https:\/\/www.lesvosrentals.gr\/tr\/wp-content\/uploads\/2017\/08\/02_petra1.jpg\" title=\"02_petra1\"><img src=\"https:\/\/www.lesvosrentals.gr\/tr\/wp-content\/uploads\/2017\/08\/02_petra1-140x90.jpg\" alt=\"02_petra1\" width=\"140\" height=\"90\" \/><span class=\"su-custom-gallery-title\">02_petra1<\/span><\/a><\/div><div class=\"su-custom-gallery-slide\" style=\"width:140px;height:90px\"><a href=\"https:\/\/www.lesvosrentals.gr\/tr\/wp-content\/uploads\/2017\/08\/02_petra2.jpg\" title=\"02_petra2\"><img src=\"https:\/\/www.lesvosrentals.gr\/tr\/wp-content\/uploads\/2017\/08\/02_petra2-140x90.jpg\" alt=\"02_petra2\" width=\"140\" height=\"90\" \/><span class=\"su-custom-gallery-title\">02_petra2<\/span><\/a><\/div><div class=\"su-custom-gallery-slide\" style=\"width:140px;height:90px\"><a href=\"https:\/\/www.lesvosrentals.gr\/tr\/wp-content\/uploads\/2017\/08\/02_petra-03.jpg\" title=\"02_petra-03\"><img src=\"https:\/\/www.lesvosrentals.gr\/tr\/wp-content\/uploads\/2017\/08\/02_petra-03-140x90.jpg\" alt=\"02_petra-03\" width=\"140\" height=\"90\" \/><span class=\"su-custom-gallery-title\">02_petra-03<\/span><\/a><\/div><div class=\"su-custom-gallery-slide\" style=\"width:140px;height:90px\"><a href=\"https:\/\/www.lesvosrentals.gr\/tr\/wp-content\/uploads\/2017\/08\/02_petra3.jpg\" title=\"02_petra3\"><img src=\"https:\/\/www.lesvosrentals.gr\/tr\/wp-content\/uploads\/2017\/08\/02_petra3-140x90.jpg\" alt=\"02_petra3\" width=\"140\" height=\"90\" \/><span class=\"su-custom-gallery-title\">02_petra3<\/span><\/a><\/div><div class=\"su-custom-gallery-slide\" style=\"width:140px;height:90px\"><a href=\"https:\/\/www.lesvosrentals.gr\/tr\/wp-content\/uploads\/2017\/08\/02_petra-04.jpg\" title=\"02_petra-04\"><img src=\"https:\/\/www.lesvosrentals.gr\/tr\/wp-content\/uploads\/2017\/08\/02_petra-04-140x90.jpg\" alt=\"02_petra-04\" width=\"140\" height=\"90\" \/><span class=\"su-custom-gallery-title\">02_petra-04<\/span><\/a><\/div><div class=\"su-custom-gallery-slide\" style=\"width:140px;height:90px\"><a href=\"https:\/\/www.lesvosrentals.gr\/tr\/wp-content\/uploads\/2017\/08\/02_petrax_anaxos.jpg\" title=\"02_petrax_anaxos\"><img src=\"https:\/\/www.lesvosrentals.gr\/tr\/wp-content\/uploads\/2017\/08\/02_petrax_anaxos-140x90.jpg\" alt=\"02_petrax_anaxos\" width=\"140\" height=\"90\" \/><span class=\"su-custom-gallery-title\">02_petrax_anaxos<\/span><\/a><\/div><div class=\"su-custom-gallery-slide\" style=\"width:140px;height:90px\"><a href=\"https:\/\/www.lesvosrentals.gr\/tr\/wp-content\/uploads\/2017\/08\/05_molyvos2.jpg\" title=\"05_molyvos2\"><img src=\"https:\/\/www.lesvosrentals.gr\/tr\/wp-content\/uploads\/2017\/08\/05_molyvos2-140x90.jpg\" alt=\"05_molyvos2\" width=\"140\" height=\"90\" \/><span class=\"su-custom-gallery-title\">05_molyvos2<\/span><\/a><\/div><div class=\"su-custom-gallery-slide\" style=\"width:140px;height:90px\"><a href=\"https:\/\/www.lesvosrentals.gr\/tr\/wp-content\/uploads\/2017\/08\/05_molyvos2a.jpg\" title=\"05_molyvos2a\"><img src=\"https:\/\/www.lesvosrentals.gr\/tr\/wp-content\/uploads\/2017\/08\/05_molyvos2a-140x90.jpg\" alt=\"05_molyvos2a\" width=\"140\" height=\"90\" \/><span class=\"su-custom-gallery-title\">05_molyvos2a<\/span><\/a><\/div><div class=\"su-custom-gallery-slide\" style=\"width:140px;height:90px\"><a href=\"https:\/\/www.lesvosrentals.gr\/tr\/wp-content\/uploads\/2017\/08\/05_molyvos3.jpg\" title=\"05_molyvos3\"><img src=\"https:\/\/www.lesvosrentals.gr\/tr\/wp-content\/uploads\/2017\/08\/05_molyvos3-140x90.jpg\" alt=\"05_molyvos3\" width=\"140\" height=\"90\" \/><span class=\"su-custom-gallery-title\">05_molyvos3<\/span><\/a><\/div><div class=\"su-custom-gallery-slide\" style=\"width:140px;height:90px\"><a href=\"https:\/\/www.lesvosrentals.gr\/tr\/wp-content\/uploads\/2017\/08\/05_molyvos4.jpg\" title=\"05_molyvos4\"><img src=\"https:\/\/www.lesvosrentals.gr\/tr\/wp-content\/uploads\/2017\/08\/05_molyvos4-140x90.jpg\" alt=\"05_molyvos4\" width=\"140\" height=\"90\" \/><span class=\"su-custom-gallery-title\">05_molyvos4<\/span><\/a><\/div><div class=\"su-custom-gallery-slide\" style=\"width:140px;height:90px\"><a href=\"https:\/\/www.lesvosrentals.gr\/tr\/wp-content\/uploads\/2017\/08\/05_molyvos5.jpg\" title=\"05_molyvos5\"><img src=\"https:\/\/www.lesvosrentals.gr\/tr\/wp-content\/uploads\/2017\/08\/05_molyvos5-140x90.jpg\" alt=\"05_molyvos5\" width=\"140\" height=\"90\" \/><span class=\"su-custom-gallery-title\">05_molyvos5<\/span><\/a><\/div><div class=\"su-custom-gallery-slide\" style=\"width:140px;height:90px\"><a href=\"https:\/\/www.lesvosrentals.gr\/tr\/wp-content\/uploads\/2017\/08\/05_molyvos7.jpg\" title=\"05_molyvos7\"><img src=\"https:\/\/www.lesvosrentals.gr\/tr\/wp-content\/uploads\/2017\/08\/05_molyvos7-140x90.jpg\" alt=\"05_molyvos7\" width=\"140\" height=\"90\" \/><span class=\"su-custom-gallery-title\">05_molyvos7<\/span><\/a><\/div><div class=\"su-custom-gallery-slide\" style=\"width:140px;height:90px\"><a href=\"https:\/\/www.lesvosrentals.gr\/tr\/wp-content\/uploads\/2017\/08\/05_molyvos71.jpg\" title=\"05_molyvos71\"><img src=\"https:\/\/www.lesvosrentals.gr\/tr\/wp-content\/uploads\/2017\/08\/05_molyvos71-140x90.jpg\" alt=\"05_molyvos71\" width=\"140\" height=\"90\" \/><span class=\"su-custom-gallery-title\">05_molyvos71<\/span><\/a><\/div><div class=\"su-custom-gallery-slide\" style=\"width:140px;height:90px\"><a href=\"https:\/\/www.lesvosrentals.gr\/tr\/wp-content\/uploads\/2017\/08\/05_molyvos72.jpg\" title=\"05_molyvos72\"><img src=\"https:\/\/www.lesvosrentals.gr\/tr\/wp-content\/uploads\/2017\/08\/05_molyvos72-140x90.jpg\" alt=\"05_molyvos72\" width=\"140\" height=\"90\" \/><span class=\"su-custom-gallery-title\">05_molyvos72<\/span><\/a><\/div><div class=\"su-custom-gallery-slide\" style=\"width:140px;height:90px\"><a href=\"https:\/\/www.lesvosrentals.gr\/tr\/wp-content\/uploads\/2017\/08\/05_molyvos74.jpg\" title=\"05_molyvos74\"><img src=\"https:\/\/www.lesvosrentals.gr\/tr\/wp-content\/uploads\/2017\/08\/05_molyvos74-140x90.jpg\" alt=\"05_molyvos74\" width=\"140\" height=\"90\" \/><span class=\"su-custom-gallery-title\">05_molyvos74<\/span><\/a><\/div><div class=\"su-custom-gallery-slide\" style=\"width:140px;height:90px\"><a href=\"https:\/\/www.lesvosrentals.gr\/tr\/wp-content\/uploads\/2017\/08\/05_molyvos75.jpg\" title=\"05_molyvos75\"><img src=\"https:\/\/www.lesvosrentals.gr\/tr\/wp-content\/uploads\/2017\/08\/05_molyvos75-140x90.jpg\" alt=\"05_molyvos75\" width=\"140\" height=\"90\" \/><span class=\"su-custom-gallery-title\">05_molyvos75<\/span><\/a><\/div><div class=\"su-custom-gallery-slide\" style=\"width:140px;height:90px\"><a href=\"https:\/\/www.lesvosrentals.gr\/tr\/wp-content\/uploads\/2017\/08\/06_molyvos3.jpg\" title=\"06_molyvos3\"><img src=\"https:\/\/www.lesvosrentals.gr\/tr\/wp-content\/uploads\/2017\/08\/06_molyvos3-140x90.jpg\" alt=\"06_molyvos3\" width=\"140\" height=\"90\" \/><span class=\"su-custom-gallery-title\">06_molyvos3<\/span><\/a><\/div><div class=\"su-clear\"><\/div><\/div>\n<\/div><\/div><div class=\"su-column su-column-size-1-5\"><div class=\"su-column-inner su-u-clearfix su-u-trim\">\n<div class=\"su-button-center\"><a href=\"http:\/\/www.lesvosrentals.gr\/tr\/?page_id=3247\" class=\"su-button su-button-style-soft su-button-wide\" style=\"color:#FFFFFF;background-color:#0072ff;border-color:#005ccc;border-radius:5px\" target=\"_self\"><span style=\"color:#FFFFFF;padding:6px 18px;font-size:14px;line-height:21px;border-color:#4d9dff;border-radius:5px;text-shadow:none\"><i class=\"sui sui-photo\" style=\"font-size:14px;color:#FFFFFF\"><\/i> Lesvos Adas\u0131<\/span><\/a><\/div>\n<div class=\"su-button-center\"><a href=\"http:\/\/www.lesvosrentals.gr\/tr\/?page_id=3304\" class=\"su-button su-button-style-soft su-button-wide\" style=\"color:#FFFFFF;background-color:#e77844;border-color:#b96037;border-radius:5px\" target=\"_self\"><span style=\"color:#FFFFFF;padding:6px 18px;font-size:14px;line-height:21px;border-color:#efa17d;border-radius:5px;text-shadow:none\"><i class=\"sui sui-road\" style=\"font-size:14px;color:#FFFFFF\"><\/i> Do\u011fu Lesvos<\/span><\/a><\/div>\n<div class=\"su-button-center\"><a href=\"http:\/\/www.lesvosrentals.gr\/tr\/?page_id=3343\" class=\"su-button su-button-style-soft su-button-wide\" style=\"color:#FFFFFF;background-color:#e77844;border-color:#b96037;border-radius:5px\" target=\"_self\"><span style=\"color:#FFFFFF;padding:6px 18px;font-size:14px;line-height:21px;border-color:#efa17d;border-radius:5px;text-shadow:none\"><i class=\"sui sui-road\" style=\"font-size:14px;color:#FFFFFF\"><\/i> Kuzey Lesvos<\/span><\/a><\/div>\n<div class=\"su-button-center\"><a href=\"http:\/\/www.lesvosrentals.gr\/tr\/?page_id=3399\" class=\"su-button su-button-style-soft su-button-wide\" style=\"color:#FFFFFF;background-color:#e77844;border-color:#b96037;border-radius:5px\" target=\"_self\"><span style=\"color:#FFFFFF;padding:6px 18px;font-size:14px;line-height:21px;border-color:#efa17d;border-radius:5px;text-shadow:none\"><i class=\"sui sui-road\" style=\"font-size:14px;color:#FFFFFF\"><\/i> Bat\u0131 Lesvos<\/span><\/a><\/div>\n<div class=\"su-button-center\"><a href=\"http:\/\/www.lesvosrentals.gr\/tr\/?page_id=3440\" class=\"su-button su-button-style-soft su-button-wide\" style=\"color:#FFFFFF;background-color:#e77844;border-color:#b96037;border-radius:5px\" target=\"_self\"><span style=\"color:#FFFFFF;padding:6px 18px;font-size:14px;line-height:21px;border-color:#efa17d;border-radius:5px;text-shadow:none\"><i class=\"sui sui-road\" style=\"font-size:14px;color:#FFFFFF\"><\/i> G\u00fcney Lesvos<\/span><\/a><\/div>\n<div class=\"su-button-center\"><a href=\"http:\/\/www.lesvosrentals.gr\/tr\/?page_id=3367\" class=\"su-button su-button-style-soft su-button-wide\" style=\"color:#FFFFFF;background-color:#e77844;border-color:#b96037;border-radius:5px\" target=\"_self\"><span style=\"color:#FFFFFF;padding:6px 18px;font-size:14px;line-height:21px;border-color:#efa17d;border-radius:5px;text-shadow:none\"><i class=\"sui sui-road\" style=\"font-size:14px;color:#FFFFFF\"><\/i> Merkez Lesvos<\/span><\/a><\/div>\n<div class=\"su-button-center\"><a href=\"http:\/\/www.lesvosrentals.gr\/tr\/?page_id=3509\" class=\"su-button su-button-style-soft su-button-wide\" style=\"color:#FFFFFF;background-color:#0072ff;border-color:#005ccc;border-radius:5px\" target=\"_self\"><span style=\"color:#FFFFFF;padding:6px 18px;font-size:14px;line-height:21px;border-color:#4d9dff;border-radius:5px;text-shadow:none\"><i class=\"sui sui-map-marker\" style=\"font-size:14px;color:#FFFFFF\"><\/i> Lesvos Haritas\u0131<\/span><\/a><\/div>\n<\/div><\/div>\n<\/div>\n","protected":false},"excerpt":{"rendered":"Kuzeye do\u011fru \u00e7\u0131karken kar\u015f\u0131n\u0131za ilk \u00f6nce dev bir kaya ve zirvesine yerle\u015fmi\u015f, 114 basamakl\u0131 Panagia Glikofilousa Kilisesi \u00e7\u0131kacakt\u0131r. Hem Petra hem Anaksos sahilleri uzun kumsallar\u0131 ile adan\u0131n en \u00e7ok turist \u00e7eken b\u00f6lgelerinden biridir. Petra sahillerini geride b\u0131rakarak ilerlerken orta\u00e7a\u011fdan kalma [...]","protected":false},"author":1,"featured_media":0,"parent":0,"menu_order":0,"comment_status":"closed","ping_status":"closed","template":"","meta":[],"_links":{"self":[{"href":"https:\/\/www.lesvosrentals.gr\/tr\/index.php?rest_route=\/wp\/v2\/pages\/3343"}],"collection":[{"href":"https:\/\/www.lesvosrentals.gr\/tr\/index.php?rest_route=\/wp\/v2\/pages"}],"about":[{"href":"https:\/\/www.lesvosrentals.gr\/tr\/index.php?rest_route=\/wp\/v2\/types\/page"}],"author":[{"embeddable":true,"href":"https:\/\/www.lesvosrentals.gr\/tr\/index.php?rest_route=\/wp\/v2\/users\/1"}],"replies":[{"embeddable":true,"href":"https:\/\/www.lesvosrentals.gr\/tr\/index.php?rest_route=%2Fwp%2Fv2%2Fcomments&post=3343"}],"version-history":[{"count":10,"href":"https:\/\/www.lesvosrentals.gr\/tr\/index.php?rest_route=\/wp\/v2\/pages\/3343\/revisions"}],"predecessor-version":[{"id":3848,"href":"https:\/\/www.lesvosrentals.gr\/tr\/index.php?rest_route=\/wp\/v2\/pages\/3343\/revisions\/3848"}],"wp:attachment":[{"href":"https:\/\/www.lesvosrentals.gr\/tr\/index.php?rest_route=%2Fwp%2Fv2%2Fmedia&parent=3343"}],"curies":[{"name":"wp","href":"https:\/\/api.w.org\/{rel}","templated":true}]}}