{"id":3367,"date":"2017-08-21T03:53:26","date_gmt":"2017-08-21T03:53:26","guid":{"rendered":"http:\/\/www.lesvosrentals.gr\/tr\/?page_id=3367"},"modified":"2017-09-26T08:06:26","modified_gmt":"2017-09-26T08:06:26","slug":"central-lesvos","status":"publish","type":"page","link":"https:\/\/www.lesvosrentals.gr\/tr\/?page_id=3367","title":{"rendered":"Merkez Lesvos"},"content":{"rendered":"<div class=\"su-row\">\n<div class=\"su-column su-column-size-2-5\"><div class=\"su-column-inner su-u-clearfix su-u-trim\">\n<p style=\"text-align: justify;\">Lesvos\u2019u ke\u015ffe \u00e7\u0131kan ziyaret\u00e7i adan\u0131n orta b\u00f6lgesindeki g\u00fczel \u00e7am ormanlar\u0131ndan da ge\u00e7ecek. Daha sonra Kaloni ve yaz\u0131n \u00fcnl\u00fc sardalya \u015fenliklerinin d\u00fczenlendi\u011fi kumluk Skala Kaloni sahiline varacak.<\/p>\n<p style=\"text-align: justify;\">Ayn\u0131 b\u00f6lgede g\u00f6\u00e7men ku\u015flar\u0131n u\u011frak yeri olan koruma alt\u0131ndaki batakl\u0131k da bir ba\u015fka ilgi alan\u0131 bir\u00e7ok ziyaret\u00e7i i\u00e7in.<\/p>\n<p style=\"text-align: justify;\">Kaloni \u00e7evresinde eski \u201cMeson\u201d tap\u0131na\u011f\u0131, antik \u201cKlopedi\u201d tap\u0131na\u011f\u0131 ve nak\u0131\u015f i\u015fleri ile Yunanistan\u2019\u0131n en zengin \u00fc\u00e7\u00fcnc\u00fc manast\u0131r\u0131 Moni Limonos ziyaret edilmeye de\u011fer tarihi yerlerdir. Kaloni yak\u0131nlar\u0131nda bulunan Agia Paraskevi k\u00f6y\u00fc.<\/p>\n<p style=\"text-align: justify;\">Haziran ay\u0131ndaki Bo\u011fa Panay\u0131r\u0131 \u00e7ok e\u011flenceli \u015fenlikleri, geleneksel halk m\u00fczi\u011fi, ve \u00f6d\u00fcll\u00fc at yar\u0131\u015flar\u0131 ile Eski Yunan uygarl\u0131\u011f\u0131n\u0131n bug\u00fcnk\u00fc bir yans\u0131mas\u0131 gibidir..<\/p>\n<\/div><\/div><div class=\"su-column su-column-size-2-5\"><div class=\"su-column-inner su-u-clearfix su-u-trim\">\n<div class=\"su-custom-gallery su-custom-gallery-align-left su-custom-gallery-title-never su-lightbox-gallery\"><div class=\"su-custom-gallery-slide\" style=\"width:140px;height:85px\"><a href=\"https:\/\/www.lesvosrentals.gr\/tr\/wp-content\/uploads\/2017\/08\/01_messa.jpg\" title=\"01_messa\"><img src=\"https:\/\/www.lesvosrentals.gr\/tr\/wp-content\/uploads\/2017\/08\/01_messa-140x85.jpg\" alt=\"01_messa\" width=\"140\" height=\"85\" \/><span class=\"su-custom-gallery-title\">01_messa<\/span><\/a><\/div><div class=\"su-custom-gallery-slide\" style=\"width:140px;height:85px\"><a href=\"https:\/\/www.lesvosrentals.gr\/tr\/wp-content\/uploads\/2017\/08\/01_messa2.jpg\" title=\"01_messa2\"><img src=\"https:\/\/www.lesvosrentals.gr\/tr\/wp-content\/uploads\/2017\/08\/01_messa2-140x85.jpg\" alt=\"01_messa2\" width=\"140\" height=\"85\" \/><span class=\"su-custom-gallery-title\">01_messa2<\/span><\/a><\/div><div class=\"su-custom-gallery-slide\" style=\"width:140px;height:85px\"><a href=\"https:\/\/www.lesvosrentals.gr\/tr\/wp-content\/uploads\/2017\/08\/03_agia_parask0.jpg\" title=\"03_agia_parask0\"><img src=\"https:\/\/www.lesvosrentals.gr\/tr\/wp-content\/uploads\/2017\/08\/03_agia_parask0-140x85.jpg\" alt=\"03_agia_parask0\" width=\"140\" height=\"85\" \/><span class=\"su-custom-gallery-title\">03_agia_parask0<\/span><\/a><\/div><div class=\"su-custom-gallery-slide\" style=\"width:140px;height:85px\"><a href=\"https:\/\/www.lesvosrentals.gr\/tr\/wp-content\/uploads\/2017\/08\/03_agia_parask1.jpg\" title=\"03_agia_parask1\"><img src=\"https:\/\/www.lesvosrentals.gr\/tr\/wp-content\/uploads\/2017\/08\/03_agia_parask1-140x85.jpg\" alt=\"03_agia_parask1\" width=\"140\" height=\"85\" \/><span class=\"su-custom-gallery-title\">03_agia_parask1<\/span><\/a><\/div><div class=\"su-custom-gallery-slide\" style=\"width:140px;height:85px\"><a href=\"https:\/\/www.lesvosrentals.gr\/tr\/wp-content\/uploads\/2017\/08\/03_agia_parask2.jpg\" title=\"03_agia_parask2\"><img src=\"https:\/\/www.lesvosrentals.gr\/tr\/wp-content\/uploads\/2017\/08\/03_agia_parask2-140x85.jpg\" alt=\"03_agia_parask2\" width=\"140\" height=\"85\" \/><span class=\"su-custom-gallery-title\">03_agia_parask2<\/span><\/a><\/div><div class=\"su-custom-gallery-slide\" style=\"width:140px;height:85px\"><a href=\"https:\/\/www.lesvosrentals.gr\/tr\/wp-content\/uploads\/2017\/08\/03_agia_parask3.jpg\" title=\"03_agia_parask3\"><img src=\"https:\/\/www.lesvosrentals.gr\/tr\/wp-content\/uploads\/2017\/08\/03_agia_parask3-140x85.jpg\" alt=\"03_agia_parask3\" width=\"140\" height=\"85\" \/><span class=\"su-custom-gallery-title\">03_agia_parask3<\/span><\/a><\/div><div class=\"su-custom-gallery-slide\" style=\"width:140px;height:85px\"><a href=\"https:\/\/www.lesvosrentals.gr\/tr\/wp-content\/uploads\/2017\/08\/03_klopedi4.jpg\" title=\"03_klopedi4\"><img src=\"https:\/\/www.lesvosrentals.gr\/tr\/wp-content\/uploads\/2017\/08\/03_klopedi4-140x85.jpg\" alt=\"03_klopedi4\" width=\"140\" height=\"85\" \/><span class=\"su-custom-gallery-title\">03_klopedi4<\/span><\/a><\/div><div class=\"su-custom-gallery-slide\" style=\"width:140px;height:85px\"><a href=\"https:\/\/www.lesvosrentals.gr\/tr\/wp-content\/uploads\/2017\/08\/04_dhmotiko-sxoleio.jpg\" title=\"04_dhmotiko-sxoleio\"><img src=\"https:\/\/www.lesvosrentals.gr\/tr\/wp-content\/uploads\/2017\/08\/04_dhmotiko-sxoleio-140x85.jpg\" alt=\"04_dhmotiko-sxoleio\" width=\"140\" height=\"85\" \/><span class=\"su-custom-gallery-title\">04_dhmotiko-sxoleio<\/span><\/a><\/div><div class=\"su-custom-gallery-slide\" style=\"width:140px;height:85px\"><a href=\"https:\/\/www.lesvosrentals.gr\/tr\/wp-content\/uploads\/2017\/08\/05_wetland1.jpg\" title=\"05_wetland1\"><img src=\"https:\/\/www.lesvosrentals.gr\/tr\/wp-content\/uploads\/2017\/08\/05_wetland1-140x85.jpg\" alt=\"05_wetland1\" width=\"140\" height=\"85\" \/><span class=\"su-custom-gallery-title\">05_wetland1<\/span><\/a><\/div><div class=\"su-custom-gallery-slide\" style=\"width:140px;height:85px\"><a href=\"https:\/\/www.lesvosrentals.gr\/tr\/wp-content\/uploads\/2017\/08\/05_wetland2.jpg\" title=\"05_wetland2\"><img src=\"https:\/\/www.lesvosrentals.gr\/tr\/wp-content\/uploads\/2017\/08\/05_wetland2-140x85.jpg\" alt=\"05_wetland2\" width=\"140\" height=\"85\" \/><span class=\"su-custom-gallery-title\">05_wetland2<\/span><\/a><\/div><div class=\"su-custom-gallery-slide\" style=\"width:140px;height:85px\"><a href=\"https:\/\/www.lesvosrentals.gr\/tr\/wp-content\/uploads\/2017\/08\/05b_kavalaris1.jpg\" title=\"05b_kavalaris1\"><img src=\"https:\/\/www.lesvosrentals.gr\/tr\/wp-content\/uploads\/2017\/08\/05b_kavalaris1-140x85.jpg\" alt=\"05b_kavalaris1\" width=\"140\" height=\"85\" \/><span class=\"su-custom-gallery-title\">05b_kavalaris1<\/span><\/a><\/div><div class=\"su-custom-gallery-slide\" style=\"width:140px;height:85px\"><a href=\"https:\/\/www.lesvosrentals.gr\/tr\/wp-content\/uploads\/2017\/08\/05b_paliogefiri-parakila.jpg\" title=\"05b_paliogefiri-parakila\"><img src=\"https:\/\/www.lesvosrentals.gr\/tr\/wp-content\/uploads\/2017\/08\/05b_paliogefiri-parakila-140x85.jpg\" alt=\"05b_paliogefiri-parakila\" width=\"140\" height=\"85\" \/><span class=\"su-custom-gallery-title\">05b_paliogefiri-parakila<\/span><\/a><\/div><div class=\"su-custom-gallery-slide\" style=\"width:140px;height:85px\"><a href=\"https:\/\/www.lesvosrentals.gr\/tr\/wp-content\/uploads\/2017\/08\/05-kamares-kalloni.jpg\" title=\"05-kamares-kalloni\"><img src=\"https:\/\/www.lesvosrentals.gr\/tr\/wp-content\/uploads\/2017\/08\/05-kamares-kalloni-140x85.jpg\" alt=\"05-kamares-kalloni\" width=\"140\" height=\"85\" \/><span class=\"su-custom-gallery-title\">05-kamares-kalloni<\/span><\/a><\/div><div class=\"su-custom-gallery-slide\" style=\"width:140px;height:85px\"><a href=\"https:\/\/www.lesvosrentals.gr\/tr\/wp-content\/uploads\/2017\/08\/06_kalloni-25.jpg\" title=\"06_kalloni-25\"><img src=\"https:\/\/www.lesvosrentals.gr\/tr\/wp-content\/uploads\/2017\/08\/06_kalloni-25-140x85.jpg\" alt=\"06_kalloni-25\" width=\"140\" height=\"85\" \/><span class=\"su-custom-gallery-title\">06_kalloni-25<\/span><\/a><\/div><div class=\"su-custom-gallery-slide\" style=\"width:140px;height:85px\"><a href=\"https:\/\/www.lesvosrentals.gr\/tr\/wp-content\/uploads\/2017\/08\/06_kalloni-beach-boat.jpg\" title=\"06_kalloni-beach-boat\"><img src=\"https:\/\/www.lesvosrentals.gr\/tr\/wp-content\/uploads\/2017\/08\/06_kalloni-beach-boat-140x85.jpg\" alt=\"06_kalloni-beach-boat\" width=\"140\" height=\"85\" \/><span class=\"su-custom-gallery-title\">06_kalloni-beach-boat<\/span><\/a><\/div><div class=\"su-custom-gallery-slide\" style=\"width:140px;height:85px\"><a href=\"https:\/\/www.lesvosrentals.gr\/tr\/wp-content\/uploads\/2017\/08\/06_skala-kallonis.jpg\" title=\"06_skala-kallonis\"><img src=\"https:\/\/www.lesvosrentals.gr\/tr\/wp-content\/uploads\/2017\/08\/06_skala-kallonis-140x85.jpg\" alt=\"06_skala-kallonis\" width=\"140\" height=\"85\" \/><span class=\"su-custom-gallery-title\">06_skala-kallonis<\/span><\/a><\/div><div class=\"su-custom-gallery-slide\" style=\"width:140px;height:85px\"><a href=\"https:\/\/www.lesvosrentals.gr\/tr\/wp-content\/uploads\/2017\/08\/06_skala-kallonis2.jpg\" title=\"06_skala-kallonis2\"><img src=\"https:\/\/www.lesvosrentals.gr\/tr\/wp-content\/uploads\/2017\/08\/06_skala-kallonis2-140x85.jpg\" alt=\"06_skala-kallonis2\" width=\"140\" height=\"85\" \/><span class=\"su-custom-gallery-title\">06_skala-kallonis2<\/span><\/a><\/div><div class=\"su-custom-gallery-slide\" style=\"width:140px;height:85px\"><a href=\"https:\/\/www.lesvosrentals.gr\/tr\/wp-content\/uploads\/2017\/08\/06_skala-kallonis4.jpg\" title=\"06_skala-kallonis4\"><img src=\"https:\/\/www.lesvosrentals.gr\/tr\/wp-content\/uploads\/2017\/08\/06_skala-kallonis4-140x85.jpg\" alt=\"06_skala-kallonis4\" width=\"140\" height=\"85\" \/><span class=\"su-custom-gallery-title\">06_skala-kallonis4<\/span><\/a><\/div><div class=\"su-custom-gallery-slide\" style=\"width:140px;height:85px\"><a href=\"https:\/\/www.lesvosrentals.gr\/tr\/wp-content\/uploads\/2017\/08\/06_skala-kallonis4a.jpg\" title=\"06_skala-kallonis4a\"><img src=\"https:\/\/www.lesvosrentals.gr\/tr\/wp-content\/uploads\/2017\/08\/06_skala-kallonis4a-140x85.jpg\" alt=\"06_skala-kallonis4a\" width=\"140\" height=\"85\" \/><span class=\"su-custom-gallery-title\">06_skala-kallonis4a<\/span><\/a><\/div><div class=\"su-custom-gallery-slide\" style=\"width:140px;height:85px\"><a href=\"https:\/\/www.lesvosrentals.gr\/tr\/wp-content\/uploads\/2017\/08\/06_skala-kallonis5.jpg\" title=\"06_skala-kallonis5\"><img src=\"https:\/\/www.lesvosrentals.gr\/tr\/wp-content\/uploads\/2017\/08\/06_skala-kallonis5-140x85.jpg\" alt=\"06_skala-kallonis5\" width=\"140\" height=\"85\" \/><span class=\"su-custom-gallery-title\">06_skala-kallonis5<\/span><\/a><\/div><div class=\"su-custom-gallery-slide\" style=\"width:140px;height:85px\"><a href=\"https:\/\/www.lesvosrentals.gr\/tr\/wp-content\/uploads\/2017\/08\/06_skala-kallonis6.jpg\" title=\"06_skala-kallonis6\"><img src=\"https:\/\/www.lesvosrentals.gr\/tr\/wp-content\/uploads\/2017\/08\/06_skala-kallonis6-140x85.jpg\" alt=\"06_skala-kallonis6\" width=\"140\" height=\"85\" \/><span class=\"su-custom-gallery-title\">06_skala-kallonis6<\/span><\/a><\/div><div class=\"su-custom-gallery-slide\" style=\"width:140px;height:85px\"><a href=\"https:\/\/www.lesvosrentals.gr\/tr\/wp-content\/uploads\/2017\/08\/06_skala-plateia.jpg\" title=\"06_skala-plateia\"><img src=\"https:\/\/www.lesvosrentals.gr\/tr\/wp-content\/uploads\/2017\/08\/06_skala-plateia-140x85.jpg\" alt=\"06_skala-plateia\" width=\"140\" height=\"85\" \/><span class=\"su-custom-gallery-title\">06_skala-plateia<\/span><\/a><\/div><div class=\"su-custom-gallery-slide\" style=\"width:140px;height:85px\"><a href=\"https:\/\/www.lesvosrentals.gr\/tr\/wp-content\/uploads\/2017\/08\/10_myrsiniotissa0.jpg\" title=\"10_myrsiniotissa0\"><img src=\"https:\/\/www.lesvosrentals.gr\/tr\/wp-content\/uploads\/2017\/08\/10_myrsiniotissa0-140x85.jpg\" alt=\"10_myrsiniotissa0\" width=\"140\" height=\"85\" \/><span class=\"su-custom-gallery-title\">10_myrsiniotissa0<\/span><\/a><\/div><div class=\"su-custom-gallery-slide\" style=\"width:140px;height:85px\"><a href=\"https:\/\/www.lesvosrentals.gr\/tr\/wp-content\/uploads\/2017\/08\/10_myrsiniotissa1.jpg\" title=\"10_myrsiniotissa1\"><img src=\"https:\/\/www.lesvosrentals.gr\/tr\/wp-content\/uploads\/2017\/08\/10_myrsiniotissa1-140x85.jpg\" alt=\"10_myrsiniotissa1\" width=\"140\" height=\"85\" \/><span class=\"su-custom-gallery-title\">10_myrsiniotissa1<\/span><\/a><\/div><div class=\"su-custom-gallery-slide\" style=\"width:140px;height:85px\"><a href=\"https:\/\/www.lesvosrentals.gr\/tr\/wp-content\/uploads\/2017\/08\/10_myrsiniotissa2.jpg\" title=\"10_myrsiniotissa2\"><img src=\"https:\/\/www.lesvosrentals.gr\/tr\/wp-content\/uploads\/2017\/08\/10_myrsiniotissa2-140x85.jpg\" alt=\"10_myrsiniotissa2\" width=\"140\" height=\"85\" \/><span class=\"su-custom-gallery-title\">10_myrsiniotissa2<\/span><\/a><\/div><div class=\"su-custom-gallery-slide\" style=\"width:140px;height:85px\"><a href=\"https:\/\/www.lesvosrentals.gr\/tr\/wp-content\/uploads\/2017\/08\/Birdwatching.jpg\" title=\"Birdwatching\"><img src=\"https:\/\/www.lesvosrentals.gr\/tr\/wp-content\/uploads\/2017\/08\/Birdwatching-140x85.jpg\" alt=\"Birdwatching\" width=\"140\" height=\"85\" \/><span class=\"su-custom-gallery-title\">Birdwatching<\/span><\/a><\/div><div class=\"su-custom-gallery-slide\" style=\"width:140px;height:85px\"><a href=\"https:\/\/www.lesvosrentals.gr\/tr\/wp-content\/uploads\/2017\/08\/black_winged_stilt_skala_kalloni_johann_cousinard_fr.jpg\" title=\"black_winged_stilt_skala_kalloni_johann_cousinard_fr\"><img src=\"https:\/\/www.lesvosrentals.gr\/tr\/wp-content\/uploads\/2017\/08\/black_winged_stilt_skala_kalloni_johann_cousinard_fr-140x85.jpg\" alt=\"black_winged_stilt_skala_kalloni_johann_cousinard_fr\" width=\"140\" height=\"85\" \/><span class=\"su-custom-gallery-title\">black_winged_stilt_skala_kalloni_johann_cousinard_fr<\/span><\/a><\/div><div class=\"su-custom-gallery-slide\" style=\"width:140px;height:85px\"><a href=\"https:\/\/www.lesvosrentals.gr\/tr\/wp-content\/uploads\/2017\/08\/Little-Egrets-KALLONI-wetland-bridwatching.jpg\" title=\"Little-Egrets-KALLONI-wetland-bridwatching\"><img src=\"https:\/\/www.lesvosrentals.gr\/tr\/wp-content\/uploads\/2017\/08\/Little-Egrets-KALLONI-wetland-bridwatching-140x85.jpg\" alt=\"Little-Egrets-KALLONI-wetland-bridwatching\" width=\"140\" height=\"85\" \/><span class=\"su-custom-gallery-title\">Little-Egrets-KALLONI-wetland-bridwatching<\/span><\/a><\/div><div class=\"su-custom-gallery-slide\" style=\"width:140px;height:85px\"><a href=\"https:\/\/www.lesvosrentals.gr\/tr\/wp-content\/uploads\/2017\/08\/rosaflamingo_trupp-abfliegend_lesbos_gr_20140420_d4_9519_mwoike-kopie.jpg\" title=\"rosaflamingo_trupp-abfliegend_lesbos_gr_20140420_d4_9519_mwoike-kopie\"><img src=\"https:\/\/www.lesvosrentals.gr\/tr\/wp-content\/uploads\/2017\/08\/rosaflamingo_trupp-abfliegend_lesbos_gr_20140420_d4_9519_mwoike-kopie-140x85.jpg\" alt=\"rosaflamingo_trupp-abfliegend_lesbos_gr_20140420_d4_9519_mwoike-kopie\" width=\"140\" height=\"85\" \/><span class=\"su-custom-gallery-title\">rosaflamingo_trupp-abfliegend_lesbos_gr_20140420_d4_9519_mwoike-kopie<\/span><\/a><\/div><div class=\"su-clear\"><\/div><\/div>\n<\/div><\/div><div class=\"su-column su-column-size-1-5\"><div class=\"su-column-inner su-u-clearfix su-u-trim\">\n<div class=\"su-button-center\"><a href=\"http:\/\/www.lesvosrentals.gr\/tr\/?page_id=3247\" class=\"su-button su-button-style-soft su-button-wide\" style=\"color:#FFFFFF;background-color:#0072ff;border-color:#005ccc;border-radius:5px\" target=\"_self\"><span style=\"color:#FFFFFF;padding:6px 18px;font-size:14px;line-height:21px;border-color:#4d9dff;border-radius:5px;text-shadow:none\"><i class=\"sui sui-photo\" style=\"font-size:14px;color:#FFFFFF\"><\/i> Lesvos Adas\u0131<\/span><\/a><\/div>\n<div class=\"su-button-center\"><a href=\"http:\/\/www.lesvosrentals.gr\/tr\/?page_id=3304\" class=\"su-button su-button-style-soft su-button-wide\" style=\"color:#FFFFFF;background-color:#e77844;border-color:#b96037;border-radius:5px\" target=\"_self\"><span style=\"color:#FFFFFF;padding:6px 18px;font-size:14px;line-height:21px;border-color:#efa17d;border-radius:5px;text-shadow:none\"><i class=\"sui sui-road\" style=\"font-size:14px;color:#FFFFFF\"><\/i> Do\u011fu Lesvos<\/span><\/a><\/div>\n<div class=\"su-button-center\"><a href=\"http:\/\/www.lesvosrentals.gr\/tr\/?page_id=3343\" class=\"su-button su-button-style-soft su-button-wide\" style=\"color:#FFFFFF;background-color:#e77844;border-color:#b96037;border-radius:5px\" target=\"_self\"><span style=\"color:#FFFFFF;padding:6px 18px;font-size:14px;line-height:21px;border-color:#efa17d;border-radius:5px;text-shadow:none\"><i class=\"sui sui-road\" style=\"font-size:14px;color:#FFFFFF\"><\/i> Kuzey Lesvos<\/span><\/a><\/div>\n<div class=\"su-button-center\"><a href=\"http:\/\/www.lesvosrentals.gr\/tr\/?page_id=3399\" class=\"su-button su-button-style-soft su-button-wide\" style=\"color:#FFFFFF;background-color:#e77844;border-color:#b96037;border-radius:5px\" target=\"_self\"><span style=\"color:#FFFFFF;padding:6px 18px;font-size:14px;line-height:21px;border-color:#efa17d;border-radius:5px;text-shadow:none\"><i class=\"sui sui-road\" style=\"font-size:14px;color:#FFFFFF\"><\/i> Bat\u0131 Lesvos<\/span><\/a><\/div>\n<div class=\"su-button-center\"><a href=\"http:\/\/www.lesvosrentals.gr\/tr\/?page_id=3440\" class=\"su-button su-button-style-soft su-button-wide\" style=\"color:#FFFFFF;background-color:#e77844;border-color:#b96037;border-radius:5px\" target=\"_self\"><span style=\"color:#FFFFFF;padding:6px 18px;font-size:14px;line-height:21px;border-color:#efa17d;border-radius:5px;text-shadow:none\"><i class=\"sui sui-road\" style=\"font-size:14px;color:#FFFFFF\"><\/i> G\u00fcney Lesvos<\/span><\/a><\/div>\n<div class=\"su-button-center\"><a href=\"http:\/\/www.lesvosrentals.gr\/tr\/?page_id=3367\" class=\"su-button su-button-style-soft su-button-wide\" style=\"color:#FFFFFF;background-color:#e77844;border-color:#b96037;border-radius:5px\" target=\"_self\"><span style=\"color:#FFFFFF;padding:6px 18px;font-size:14px;line-height:21px;border-color:#efa17d;border-radius:5px;text-shadow:none\"><i class=\"sui sui-road\" style=\"font-size:14px;color:#FFFFFF\"><\/i> Merkez Lesvos<\/span><\/a><\/div>\n<div class=\"su-button-center\"><a href=\"http:\/\/www.lesvosrentals.gr\/tr\/?page_id=3509\" class=\"su-button su-button-style-soft su-button-wide\" style=\"color:#FFFFFF;background-color:#0072ff;border-color:#005ccc;border-radius:5px\" target=\"_self\"><span style=\"color:#FFFFFF;padding:6px 18px;font-size:14px;line-height:21px;border-color:#4d9dff;border-radius:5px;text-shadow:none\"><i class=\"sui sui-map-marker\" style=\"font-size:14px;color:#FFFFFF\"><\/i> Lesvos Haritas\u0131<\/span><\/a><\/div>\n<\/div><\/div>\n<\/div>\n","protected":false},"excerpt":{"rendered":"Lesvos\u2019u ke\u015ffe \u00e7\u0131kan ziyaret\u00e7i adan\u0131n orta b\u00f6lgesindeki g\u00fczel \u00e7am ormanlar\u0131ndan da ge\u00e7ecek. Daha sonra Kaloni ve yaz\u0131n \u00fcnl\u00fc sardalya \u015fenliklerinin d\u00fczenlendi\u011fi kumluk Skala Kaloni sahiline varacak. Ayn\u0131 b\u00f6lgede g\u00f6\u00e7men ku\u015flar\u0131n u\u011frak yeri olan koruma alt\u0131ndaki batakl\u0131k da bir ba\u015fka ilgi [...]","protected":false},"author":1,"featured_media":0,"parent":0,"menu_order":0,"comment_status":"closed","ping_status":"closed","template":"","meta":[],"_links":{"self":[{"href":"https:\/\/www.lesvosrentals.gr\/tr\/index.php?rest_route=\/wp\/v2\/pages\/3367"}],"collection":[{"href":"https:\/\/www.lesvosrentals.gr\/tr\/index.php?rest_route=\/wp\/v2\/pages"}],"about":[{"href":"https:\/\/www.lesvosrentals.gr\/tr\/index.php?rest_route=\/wp\/v2\/types\/page"}],"author":[{"embeddable":true,"href":"https:\/\/www.lesvosrentals.gr\/tr\/index.php?rest_route=\/wp\/v2\/users\/1"}],"replies":[{"embeddable":true,"href":"https:\/\/www.lesvosrentals.gr\/tr\/index.php?rest_route=%2Fwp%2Fv2%2Fcomments&post=3367"}],"version-history":[{"count":8,"href":"https:\/\/www.lesvosrentals.gr\/tr\/index.php?rest_route=\/wp\/v2\/pages\/3367\/revisions"}],"predecessor-version":[{"id":3847,"href":"https:\/\/www.lesvosrentals.gr\/tr\/index.php?rest_route=\/wp\/v2\/pages\/3367\/revisions\/3847"}],"wp:attachment":[{"href":"https:\/\/www.lesvosrentals.gr\/tr\/index.php?rest_route=%2Fwp%2Fv2%2Fmedia&parent=3367"}],"curies":[{"name":"wp","href":"https:\/\/api.w.org\/{rel}","templated":true}]}}