{"id":3399,"date":"2017-08-21T03:59:48","date_gmt":"2017-08-21T03:59:48","guid":{"rendered":"http:\/\/www.lesvosrentals.gr\/tr\/?page_id=3399"},"modified":"2017-09-26T08:13:09","modified_gmt":"2017-09-26T08:13:09","slug":"western-lesvos","status":"publish","type":"page","link":"https:\/\/www.lesvosrentals.gr\/tr\/?page_id=3399","title":{"rendered":"Bat\u0131 Lesvos"},"content":{"rendered":"<div class=\"su-row\">\n<div class=\"su-column su-column-size-2-5\"><div class=\"su-column-inner su-u-clearfix su-u-trim\">\n<p style=\"text-align: justify;\">Adan\u0131n bat\u0131 b\u00f6lgesinde geleneksel mimarisi \u00e7ok iyi korunmu\u015f Vatusa ve 300 metre y\u00fckseklikte ormanl\u0131k bir tepeye yerle\u015fik Andisa k\u00f6ylerini g\u00f6receksiniz.<\/p>\n<p style=\"text-align: justify;\">Gavatas ise ayn\u0131 k\u00f6y\u00fcn liman\u0131d\u0131r. Vatusa ile Andisa aras\u0131nda billur suyu ve freskleri ile \u00fcnlenmi\u015f Perivolis Manast\u0131r\u0131 yer al\u0131r.<\/p>\n<p style=\"text-align: justify;\">Ordimnos Da\u011f\u0131\u2019 n\u0131n zirvesinde \u0130psilu Manast\u0131r\u0131 y\u00fckselir. Manast\u0131r kilisesinde nadir ikonalar ve \u00e7ok de\u011ferli dini e\u015fyalar muhafaza edilmektedir.<\/p>\n<p style=\"text-align: justify;\">Lesvos\u2019un en bat\u0131 ucunda k\u00fc\u00e7\u00fck kalesi ile \u00f6zg\u00fcn bal\u0131k\u00e7\u0131 k\u00f6y\u00fc Sigri sizleri selamlar. Sigri \u2013 Eresos \u2013 Andisa \u00fc\u00e7geninde korunma alt\u0131na al\u0131nan, do\u011fa harikas\u0131 Lesvos Fosille\u015fmi\u015f Orman\u0131 da uzanmaktad\u0131r. Eresos beldesi de manevi gelenekselli\u011fi ve arkeolojik kal\u0131nt\u0131lar\u0131 ile g\u00f6r\u00fclmeye de\u011fer bir ba\u015fka yer bu b\u00f6lgede.<\/p>\n<p style=\"text-align: justify;\">kilometre ileride Skala Eresos ise sonsuz kumsal\u0131 ve organize turistik alt yap\u0131s\u0131 ile tatil yaparak dinlenmek isteyenler i\u00e7in ideal bir se\u00e7enek.<\/p>\n<\/div><\/div><div class=\"su-column su-column-size-2-5\"><div class=\"su-column-inner su-u-clearfix su-u-trim\">\n<div class=\"su-custom-gallery su-custom-gallery-align-left su-custom-gallery-title-never su-lightbox-gallery\"><div class=\"su-custom-gallery-slide\" style=\"width:140px;height:120px\"><a href=\"https:\/\/www.lesvosrentals.gr\/tr\/wp-content\/uploads\/2017\/08\/11_skala-eressos3.jpg\" title=\"11_skala-eressos3\"><img src=\"https:\/\/www.lesvosrentals.gr\/tr\/wp-content\/uploads\/2017\/08\/11_skala-eressos3-140x120.jpg\" alt=\"11_skala-eressos3\" width=\"140\" height=\"120\" \/><span class=\"su-custom-gallery-title\">11_skala-eressos3<\/span><\/a><\/div><div class=\"su-custom-gallery-slide\" style=\"width:140px;height:120px\"><a href=\"https:\/\/www.lesvosrentals.gr\/tr\/wp-content\/uploads\/2017\/08\/11_skala-eressos4.jpg\" title=\"11_skala-eressos4\"><img src=\"https:\/\/www.lesvosrentals.gr\/tr\/wp-content\/uploads\/2017\/08\/11_skala-eressos4-140x120.jpg\" alt=\"11_skala-eressos4\" width=\"140\" height=\"120\" \/><span class=\"su-custom-gallery-title\">11_skala-eressos4<\/span><\/a><\/div><div class=\"su-custom-gallery-slide\" style=\"width:140px;height:120px\"><a href=\"https:\/\/www.lesvosrentals.gr\/tr\/wp-content\/uploads\/2017\/08\/11_taverna-eressos.jpg\" title=\"11_taverna-eressos\"><img src=\"https:\/\/www.lesvosrentals.gr\/tr\/wp-content\/uploads\/2017\/08\/11_taverna-eressos-140x120.jpg\" alt=\"11_taverna-eressos\" width=\"140\" height=\"120\" \/><span class=\"su-custom-gallery-title\">11_taverna-eressos<\/span><\/a><\/div><div class=\"su-custom-gallery-slide\" style=\"width:140px;height:120px\"><a href=\"https:\/\/www.lesvosrentals.gr\/tr\/wp-content\/uploads\/2017\/08\/11_tavli-eressos.jpg\" title=\"11_tavli-eressos\"><img src=\"https:\/\/www.lesvosrentals.gr\/tr\/wp-content\/uploads\/2017\/08\/11_tavli-eressos-140x120.jpg\" alt=\"11_tavli-eressos\" width=\"140\" height=\"120\" \/><span class=\"su-custom-gallery-title\">11_tavli-eressos<\/span><\/a><\/div><div class=\"su-custom-gallery-slide\" style=\"width:140px;height:120px\"><a href=\"https:\/\/www.lesvosrentals.gr\/tr\/wp-content\/uploads\/2017\/08\/11_xtapodia.jpg\" title=\"11_xtapodia\"><img src=\"https:\/\/www.lesvosrentals.gr\/tr\/wp-content\/uploads\/2017\/08\/11_xtapodia-140x120.jpg\" alt=\"11_xtapodia\" width=\"140\" height=\"120\" \/><span class=\"su-custom-gallery-title\">11_xtapodia<\/span><\/a><\/div><div class=\"su-custom-gallery-slide\" style=\"width:140px;height:120px\"><a href=\"https:\/\/www.lesvosrentals.gr\/tr\/wp-content\/uploads\/2017\/08\/15_moni-sigri.jpg\" title=\"15_moni-sigri\"><img src=\"https:\/\/www.lesvosrentals.gr\/tr\/wp-content\/uploads\/2017\/08\/15_moni-sigri-140x120.jpg\" alt=\"15_moni-sigri\" width=\"140\" height=\"120\" \/><span class=\"su-custom-gallery-title\">15_moni-sigri<\/span><\/a><\/div><div class=\"su-custom-gallery-slide\" style=\"width:140px;height:120px\"><a href=\"https:\/\/www.lesvosrentals.gr\/tr\/wp-content\/uploads\/2017\/08\/16_petrified1.jpg\" title=\"16_petrified1\"><img src=\"https:\/\/www.lesvosrentals.gr\/tr\/wp-content\/uploads\/2017\/08\/16_petrified1-140x120.jpg\" alt=\"16_petrified1\" width=\"140\" height=\"120\" \/><span class=\"su-custom-gallery-title\">16_petrified1<\/span><\/a><\/div><div class=\"su-custom-gallery-slide\" style=\"width:140px;height:120px\"><a href=\"https:\/\/www.lesvosrentals.gr\/tr\/wp-content\/uploads\/2017\/08\/16_petrified1a.jpg\" title=\"16_petrified1a\"><img src=\"https:\/\/www.lesvosrentals.gr\/tr\/wp-content\/uploads\/2017\/08\/16_petrified1a-140x120.jpg\" alt=\"16_petrified1a\" width=\"140\" height=\"120\" \/><span class=\"su-custom-gallery-title\">16_petrified1a<\/span><\/a><\/div><div class=\"su-custom-gallery-slide\" style=\"width:140px;height:120px\"><a href=\"https:\/\/www.lesvosrentals.gr\/tr\/wp-content\/uploads\/2017\/08\/16_petrified2.jpg\" title=\"16_petrified2\"><img src=\"https:\/\/www.lesvosrentals.gr\/tr\/wp-content\/uploads\/2017\/08\/16_petrified2-140x120.jpg\" alt=\"16_petrified2\" width=\"140\" height=\"120\" \/><span class=\"su-custom-gallery-title\">16_petrified2<\/span><\/a><\/div><div class=\"su-custom-gallery-slide\" style=\"width:140px;height:120px\"><a href=\"https:\/\/www.lesvosrentals.gr\/tr\/wp-content\/uploads\/2017\/08\/16_petrified3.jpg\" title=\"16_petrified3\"><img src=\"https:\/\/www.lesvosrentals.gr\/tr\/wp-content\/uploads\/2017\/08\/16_petrified3-140x120.jpg\" alt=\"16_petrified3\" width=\"140\" height=\"120\" \/><span class=\"su-custom-gallery-title\">16_petrified3<\/span><\/a><\/div><div class=\"su-custom-gallery-slide\" style=\"width:140px;height:120px\"><a href=\"https:\/\/www.lesvosrentals.gr\/tr\/wp-content\/uploads\/2017\/08\/16_sigri-castle1.jpg\" title=\"16_sigri-castle1\"><img src=\"https:\/\/www.lesvosrentals.gr\/tr\/wp-content\/uploads\/2017\/08\/16_sigri-castle1-140x120.jpg\" alt=\"16_sigri-castle1\" width=\"140\" height=\"120\" \/><span class=\"su-custom-gallery-title\">16_sigri-castle1<\/span><\/a><\/div><div class=\"su-custom-gallery-slide\" style=\"width:140px;height:120px\"><a href=\"https:\/\/www.lesvosrentals.gr\/tr\/wp-content\/uploads\/2017\/08\/16_sigri-castle2.jpg\" title=\"16_sigri-castle2\"><img src=\"https:\/\/www.lesvosrentals.gr\/tr\/wp-content\/uploads\/2017\/08\/16_sigri-castle2-140x120.jpg\" alt=\"16_sigri-castle2\" width=\"140\" height=\"120\" \/><span class=\"su-custom-gallery-title\">16_sigri-castle2<\/span><\/a><\/div><div class=\"su-custom-gallery-slide\" style=\"width:140px;height:120px\"><a href=\"https:\/\/www.lesvosrentals.gr\/tr\/wp-content\/uploads\/2017\/08\/16_sigri-castle3.jpg\" title=\"16_sigri-castle3\"><img src=\"https:\/\/www.lesvosrentals.gr\/tr\/wp-content\/uploads\/2017\/08\/16_sigri-castle3-140x120.jpg\" alt=\"16_sigri-castle3\" width=\"140\" height=\"120\" \/><span class=\"su-custom-gallery-title\">16_sigri-castle3<\/span><\/a><\/div><div class=\"su-custom-gallery-slide\" style=\"width:140px;height:120px\"><a href=\"https:\/\/www.lesvosrentals.gr\/tr\/wp-content\/uploads\/2017\/08\/16_sigri-mylos.jpg\" title=\"16_sigri-mylos\"><img src=\"https:\/\/www.lesvosrentals.gr\/tr\/wp-content\/uploads\/2017\/08\/16_sigri-mylos-140x120.jpg\" alt=\"16_sigri-mylos\" width=\"140\" height=\"120\" \/><span class=\"su-custom-gallery-title\">16_sigri-mylos<\/span><\/a><\/div><div class=\"su-custom-gallery-slide\" style=\"width:140px;height:120px\"><a href=\"https:\/\/www.lesvosrentals.gr\/tr\/wp-content\/uploads\/2017\/08\/17_panagia-faneromeni-sigri.jpg\" title=\"17_panagia-faneromeni-sigri\"><img src=\"https:\/\/www.lesvosrentals.gr\/tr\/wp-content\/uploads\/2017\/08\/17_panagia-faneromeni-sigri-140x120.jpg\" alt=\"17_panagia-faneromeni-sigri\" width=\"140\" height=\"120\" \/><span class=\"su-custom-gallery-title\">17_panagia-faneromeni-sigri<\/span><\/a><\/div><div class=\"su-custom-gallery-slide\" style=\"width:140px;height:120px\"><a href=\"https:\/\/www.lesvosrentals.gr\/tr\/wp-content\/uploads\/2017\/08\/22_dhmotiko-mesotopou.jpg\" title=\"22_dhmotiko-mesotopou\"><img src=\"https:\/\/www.lesvosrentals.gr\/tr\/wp-content\/uploads\/2017\/08\/22_dhmotiko-mesotopou-140x120.jpg\" alt=\"22_dhmotiko-mesotopou\" width=\"140\" height=\"120\" \/><span class=\"su-custom-gallery-title\">22_dhmotiko-mesotopou<\/span><\/a><\/div><div class=\"su-custom-gallery-slide\" style=\"width:140px;height:120px\"><a href=\"https:\/\/www.lesvosrentals.gr\/tr\/wp-content\/uploads\/2017\/08\/22_mesotopos-plateia1.jpg\" title=\"22_mesotopos-plateia1\"><img src=\"https:\/\/www.lesvosrentals.gr\/tr\/wp-content\/uploads\/2017\/08\/22_mesotopos-plateia1-140x120.jpg\" alt=\"22_mesotopos-plateia1\" width=\"140\" height=\"120\" \/><span class=\"su-custom-gallery-title\">22_mesotopos-plateia1<\/span><\/a><\/div><div class=\"su-custom-gallery-slide\" style=\"width:140px;height:120px\"><a href=\"https:\/\/www.lesvosrentals.gr\/tr\/wp-content\/uploads\/2017\/08\/22_mesotopos-plateia2.jpg\" title=\"22_mesotopos-plateia2\"><img src=\"https:\/\/www.lesvosrentals.gr\/tr\/wp-content\/uploads\/2017\/08\/22_mesotopos-plateia2-140x120.jpg\" alt=\"22_mesotopos-plateia2\" width=\"140\" height=\"120\" \/><span class=\"su-custom-gallery-title\">22_mesotopos-plateia2<\/span><\/a><\/div><div class=\"su-custom-gallery-slide\" style=\"width:140px;height:120px\"><a href=\"https:\/\/www.lesvosrentals.gr\/tr\/wp-content\/uploads\/2017\/08\/22_mesotopos-plateia3.jpg\" title=\"22_mesotopos-plateia3\"><img src=\"https:\/\/www.lesvosrentals.gr\/tr\/wp-content\/uploads\/2017\/08\/22_mesotopos-plateia3-140x120.jpg\" alt=\"22_mesotopos-plateia3\" width=\"140\" height=\"120\" \/><span class=\"su-custom-gallery-title\">22_mesotopos-plateia3<\/span><\/a><\/div><div class=\"su-custom-gallery-slide\" style=\"width:140px;height:120px\"><a href=\"https:\/\/www.lesvosrentals.gr\/tr\/wp-content\/uploads\/2017\/08\/23_agra1.jpg\" title=\"23_agra1\"><img src=\"https:\/\/www.lesvosrentals.gr\/tr\/wp-content\/uploads\/2017\/08\/23_agra1-140x120.jpg\" alt=\"23_agra1\" width=\"140\" height=\"120\" \/><span class=\"su-custom-gallery-title\">23_agra1<\/span><\/a><\/div><div class=\"su-custom-gallery-slide\" style=\"width:140px;height:120px\"><a href=\"https:\/\/www.lesvosrentals.gr\/tr\/wp-content\/uploads\/2017\/08\/01_moni-leimonos.jpg\" title=\"01_moni-leimonos\"><img src=\"https:\/\/www.lesvosrentals.gr\/tr\/wp-content\/uploads\/2017\/08\/01_moni-leimonos-140x120.jpg\" alt=\"01_moni-leimonos\" width=\"140\" height=\"120\" \/><span class=\"su-custom-gallery-title\">01_moni-leimonos<\/span><\/a><\/div><div class=\"su-custom-gallery-slide\" style=\"width:140px;height:120px\"><a href=\"https:\/\/www.lesvosrentals.gr\/tr\/wp-content\/uploads\/2017\/08\/02_dafia.jpg\" title=\"02_dafia\"><img src=\"https:\/\/www.lesvosrentals.gr\/tr\/wp-content\/uploads\/2017\/08\/02_dafia-140x120.jpg\" alt=\"02_dafia\" width=\"140\" height=\"120\" \/><span class=\"su-custom-gallery-title\">02_dafia<\/span><\/a><\/div><div class=\"su-custom-gallery-slide\" style=\"width:140px;height:120px\"><a href=\"https:\/\/www.lesvosrentals.gr\/tr\/wp-content\/uploads\/2017\/08\/03-dafia.jpg\" title=\"03-dafia\"><img src=\"https:\/\/www.lesvosrentals.gr\/tr\/wp-content\/uploads\/2017\/08\/03-dafia-140x120.jpg\" alt=\"03-dafia\" width=\"140\" height=\"120\" \/><span class=\"su-custom-gallery-title\">03-dafia<\/span><\/a><\/div><div class=\"su-custom-gallery-slide\" style=\"width:140px;height:120px\"><a href=\"https:\/\/www.lesvosrentals.gr\/tr\/wp-content\/uploads\/2017\/08\/05_anemotia.jpg\" title=\"05_anemotia\"><img src=\"https:\/\/www.lesvosrentals.gr\/tr\/wp-content\/uploads\/2017\/08\/05_anemotia-140x120.jpg\" alt=\"05_anemotia\" width=\"140\" height=\"120\" \/><span class=\"su-custom-gallery-title\">05_anemotia<\/span><\/a><\/div><div class=\"su-custom-gallery-slide\" style=\"width:140px;height:120px\"><a href=\"https:\/\/www.lesvosrentals.gr\/tr\/wp-content\/uploads\/2017\/08\/06_lisvori.jpg\" title=\"06_lisvori\"><img src=\"https:\/\/www.lesvosrentals.gr\/tr\/wp-content\/uploads\/2017\/08\/06_lisvori-140x120.jpg\" alt=\"06_lisvori\" width=\"140\" height=\"120\" \/><span class=\"su-custom-gallery-title\">06_lisvori<\/span><\/a><\/div><div class=\"su-custom-gallery-slide\" style=\"width:140px;height:120px\"><a href=\"https:\/\/www.lesvosrentals.gr\/tr\/wp-content\/uploads\/2017\/08\/07_lava-mounts.jpg\" title=\"07_lava-mounts\"><img src=\"https:\/\/www.lesvosrentals.gr\/tr\/wp-content\/uploads\/2017\/08\/07_lava-mounts-140x120.jpg\" alt=\"07_lava-mounts\" width=\"140\" height=\"120\" \/><span class=\"su-custom-gallery-title\">07_lava-mounts<\/span><\/a><\/div><div class=\"su-custom-gallery-slide\" style=\"width:140px;height:120px\"><a href=\"https:\/\/www.lesvosrentals.gr\/tr\/wp-content\/uploads\/2017\/08\/10_moni_pythariou.jpg\" title=\"10_moni_pythariou\"><img src=\"https:\/\/www.lesvosrentals.gr\/tr\/wp-content\/uploads\/2017\/08\/10_moni_pythariou-140x120.jpg\" alt=\"10_moni_pythariou\" width=\"140\" height=\"120\" \/><span class=\"su-custom-gallery-title\">10_moni_pythariou<\/span><\/a><\/div><div class=\"su-custom-gallery-slide\" style=\"width:140px;height:120px\"><a href=\"https:\/\/www.lesvosrentals.gr\/tr\/wp-content\/uploads\/2017\/08\/10_moni-pithariou.jpg\" title=\"10_moni-pithariou\"><img src=\"https:\/\/www.lesvosrentals.gr\/tr\/wp-content\/uploads\/2017\/08\/10_moni-pithariou-140x120.jpg\" alt=\"10_moni-pithariou\" width=\"140\" height=\"120\" \/><span class=\"su-custom-gallery-title\">10_moni-pithariou<\/span><\/a><\/div><div class=\"su-custom-gallery-slide\" style=\"width:140px;height:120px\"><a href=\"https:\/\/www.lesvosrentals.gr\/tr\/wp-content\/uploads\/2017\/08\/11_eressos1-plateia-1.jpg\" title=\"11_eressos1-plateia-1\"><img src=\"https:\/\/www.lesvosrentals.gr\/tr\/wp-content\/uploads\/2017\/08\/11_eressos1-plateia-1-140x120.jpg\" alt=\"11_eressos1-plateia-1\" width=\"140\" height=\"120\" \/><span class=\"su-custom-gallery-title\">11_eressos1-plateia-1<\/span><\/a><\/div><div class=\"su-custom-gallery-slide\" style=\"width:140px;height:120px\"><a href=\"https:\/\/www.lesvosrentals.gr\/tr\/wp-content\/uploads\/2017\/08\/11_eressos-2.jpg\" title=\"11_eressos-2\"><img src=\"https:\/\/www.lesvosrentals.gr\/tr\/wp-content\/uploads\/2017\/08\/11_eressos-2-140x120.jpg\" alt=\"11_eressos-2\" width=\"140\" height=\"120\" \/><span class=\"su-custom-gallery-title\">11_eressos-2<\/span><\/a><\/div><div class=\"su-custom-gallery-slide\" style=\"width:140px;height:120px\"><a href=\"https:\/\/www.lesvosrentals.gr\/tr\/wp-content\/uploads\/2017\/08\/11_eressos2-ekklisia.jpg\" title=\"11_eressos2-ekklisia\"><img src=\"https:\/\/www.lesvosrentals.gr\/tr\/wp-content\/uploads\/2017\/08\/11_eressos2-ekklisia-140x120.jpg\" alt=\"11_eressos2-ekklisia\" width=\"140\" height=\"120\" \/><span class=\"su-custom-gallery-title\">11_eressos2-ekklisia<\/span><\/a><\/div><div class=\"su-custom-gallery-slide\" style=\"width:140px;height:120px\"><a href=\"https:\/\/www.lesvosrentals.gr\/tr\/wp-content\/uploads\/2017\/08\/11_eressos-plateia-2.jpg\" title=\"11_eressos-plateia-2\"><img src=\"https:\/\/www.lesvosrentals.gr\/tr\/wp-content\/uploads\/2017\/08\/11_eressos-plateia-2-140x120.jpg\" alt=\"11_eressos-plateia-2\" width=\"140\" height=\"120\" \/><span class=\"su-custom-gallery-title\">11_eressos-plateia-2<\/span><\/a><\/div><div class=\"su-custom-gallery-slide\" style=\"width:140px;height:120px\"><a href=\"https:\/\/www.lesvosrentals.gr\/tr\/wp-content\/uploads\/2017\/08\/11_skala_eresos3.jpg\" title=\"11_skala_eresos3\"><img src=\"https:\/\/www.lesvosrentals.gr\/tr\/wp-content\/uploads\/2017\/08\/11_skala_eresos3-140x120.jpg\" alt=\"11_skala_eresos3\" width=\"140\" height=\"120\" \/><span class=\"su-custom-gallery-title\">11_skala_eresos3<\/span><\/a><\/div><div class=\"su-custom-gallery-slide\" style=\"width:140px;height:120px\"><a href=\"https:\/\/www.lesvosrentals.gr\/tr\/wp-content\/uploads\/2017\/08\/11_skala_eressos4.jpg\" title=\"11_skala_eressos4\"><img src=\"https:\/\/www.lesvosrentals.gr\/tr\/wp-content\/uploads\/2017\/08\/11_skala_eressos4-140x120.jpg\" alt=\"11_skala_eressos4\" width=\"140\" height=\"120\" \/><span class=\"su-custom-gallery-title\">11_skala_eressos4<\/span><\/a><\/div><div class=\"su-custom-gallery-slide\" style=\"width:140px;height:120px\"><a href=\"https:\/\/www.lesvosrentals.gr\/tr\/wp-content\/uploads\/2017\/08\/11_skala-eressos.jpg\" title=\"11_skala-eressos\"><img src=\"https:\/\/www.lesvosrentals.gr\/tr\/wp-content\/uploads\/2017\/08\/11_skala-eressos-140x120.jpg\" alt=\"11_skala-eressos\" width=\"140\" height=\"120\" \/><span class=\"su-custom-gallery-title\">11_skala-eressos<\/span><\/a><\/div><div class=\"su-custom-gallery-slide\" style=\"width:140px;height:120px\"><a href=\"https:\/\/www.lesvosrentals.gr\/tr\/wp-content\/uploads\/2017\/08\/11_skala-eressos1.jpg\" title=\"11_skala-eressos1\"><img src=\"https:\/\/www.lesvosrentals.gr\/tr\/wp-content\/uploads\/2017\/08\/11_skala-eressos1-140x120.jpg\" alt=\"11_skala-eressos1\" width=\"140\" height=\"120\" \/><span class=\"su-custom-gallery-title\">11_skala-eressos1<\/span><\/a><\/div><div class=\"su-custom-gallery-slide\" style=\"width:140px;height:120px\"><a href=\"https:\/\/www.lesvosrentals.gr\/tr\/wp-content\/uploads\/2017\/08\/11_skala-eressos1a.jpg\" title=\"11_skala-eressos1a\"><img src=\"https:\/\/www.lesvosrentals.gr\/tr\/wp-content\/uploads\/2017\/08\/11_skala-eressos1a-140x120.jpg\" alt=\"11_skala-eressos1a\" width=\"140\" height=\"120\" \/><span class=\"su-custom-gallery-title\">11_skala-eressos1a<\/span><\/a><\/div><div class=\"su-custom-gallery-slide\" style=\"width:140px;height:120px\"><a href=\"https:\/\/www.lesvosrentals.gr\/tr\/wp-content\/uploads\/2017\/08\/11_skala-eressos2.jpg\" title=\"11_skala-eressos2\"><img src=\"https:\/\/www.lesvosrentals.gr\/tr\/wp-content\/uploads\/2017\/08\/11_skala-eressos2-140x120.jpg\" alt=\"11_skala-eressos2\" width=\"140\" height=\"120\" \/><span class=\"su-custom-gallery-title\">11_skala-eressos2<\/span><\/a><\/div><div class=\"su-clear\"><\/div><\/div>\n<\/div><\/div><div class=\"su-column su-column-size-1-5\"><div class=\"su-column-inner su-u-clearfix su-u-trim\">\n<div class=\"su-button-center\"><a href=\"http:\/\/www.lesvosrentals.gr\/tr\/?page_id=3247\" class=\"su-button su-button-style-soft su-button-wide\" style=\"color:#FFFFFF;background-color:#0072ff;border-color:#005ccc;border-radius:5px\" target=\"_self\"><span style=\"color:#FFFFFF;padding:6px 18px;font-size:14px;line-height:21px;border-color:#4d9dff;border-radius:5px;text-shadow:none\"><i class=\"sui sui-photo\" style=\"font-size:14px;color:#FFFFFF\"><\/i> Lesvos Adas\u0131<\/span><\/a><\/div>\n<div class=\"su-button-center\"><a href=\"http:\/\/www.lesvosrentals.gr\/tr\/?page_id=3304\" class=\"su-button su-button-style-soft su-button-wide\" style=\"color:#FFFFFF;background-color:#e77844;border-color:#b96037;border-radius:5px\" target=\"_self\"><span style=\"color:#FFFFFF;padding:6px 18px;font-size:14px;line-height:21px;border-color:#efa17d;border-radius:5px;text-shadow:none\"><i class=\"sui sui-road\" style=\"font-size:14px;color:#FFFFFF\"><\/i> Do\u011fu Lesvos<\/span><\/a><\/div>\n<div class=\"su-button-center\"><a href=\"http:\/\/www.lesvosrentals.gr\/tr\/?page_id=3343\" class=\"su-button su-button-style-soft su-button-wide\" style=\"color:#FFFFFF;background-color:#e77844;border-color:#b96037;border-radius:5px\" target=\"_self\"><span style=\"color:#FFFFFF;padding:6px 18px;font-size:14px;line-height:21px;border-color:#efa17d;border-radius:5px;text-shadow:none\"><i class=\"sui sui-road\" style=\"font-size:14px;color:#FFFFFF\"><\/i> Kuzey Lesvos<\/span><\/a><\/div>\n<div class=\"su-button-center\"><a href=\"http:\/\/www.lesvosrentals.gr\/tr\/?page_id=3399\" class=\"su-button su-button-style-soft su-button-wide\" style=\"color:#FFFFFF;background-color:#e77844;border-color:#b96037;border-radius:5px\" target=\"_self\"><span style=\"color:#FFFFFF;padding:6px 18px;font-size:14px;line-height:21px;border-color:#efa17d;border-radius:5px;text-shadow:none\"><i class=\"sui sui-road\" style=\"font-size:14px;color:#FFFFFF\"><\/i> Bat\u0131 Lesvos<\/span><\/a><\/div>\n<div class=\"su-button-center\"><a href=\"http:\/\/www.lesvosrentals.gr\/tr\/?page_id=3440\" class=\"su-button su-button-style-soft su-button-wide\" style=\"color:#FFFFFF;background-color:#e77844;border-color:#b96037;border-radius:5px\" target=\"_self\"><span style=\"color:#FFFFFF;padding:6px 18px;font-size:14px;line-height:21px;border-color:#efa17d;border-radius:5px;text-shadow:none\"><i class=\"sui sui-road\" style=\"font-size:14px;color:#FFFFFF\"><\/i> G\u00fcney Lesvos<\/span><\/a><\/div>\n<div class=\"su-button-center\"><a href=\"http:\/\/www.lesvosrentals.gr\/tr\/?page_id=3367\" class=\"su-button su-button-style-soft su-button-wide\" style=\"color:#FFFFFF;background-color:#e77844;border-color:#b96037;border-radius:5px\" target=\"_self\"><span style=\"color:#FFFFFF;padding:6px 18px;font-size:14px;line-height:21px;border-color:#efa17d;border-radius:5px;text-shadow:none\"><i class=\"sui sui-road\" style=\"font-size:14px;color:#FFFFFF\"><\/i> Merkez Lesvos<\/span><\/a><\/div>\n<div class=\"su-button-center\"><a href=\"http:\/\/www.lesvosrentals.gr\/tr\/?page_id=3509\" class=\"su-button su-button-style-soft su-button-wide\" style=\"color:#FFFFFF;background-color:#0072ff;border-color:#005ccc;border-radius:5px\" target=\"_self\"><span style=\"color:#FFFFFF;padding:6px 18px;font-size:14px;line-height:21px;border-color:#4d9dff;border-radius:5px;text-shadow:none\"><i class=\"sui sui-map-marker\" style=\"font-size:14px;color:#FFFFFF\"><\/i> Lesvos Haritas\u0131<\/span><\/a><\/div>\n<\/div><\/div>\n<\/div>\n","protected":false},"excerpt":{"rendered":"Adan\u0131n bat\u0131 b\u00f6lgesinde geleneksel mimarisi \u00e7ok iyi korunmu\u015f Vatusa ve 300 metre y\u00fckseklikte ormanl\u0131k bir tepeye yerle\u015fik Andisa k\u00f6ylerini g\u00f6receksiniz. Gavatas ise ayn\u0131 k\u00f6y\u00fcn liman\u0131d\u0131r. Vatusa ile Andisa aras\u0131nda billur suyu ve freskleri ile \u00fcnlenmi\u015f Perivolis Manast\u0131r\u0131 yer al\u0131r. Ordimnos [...]","protected":false},"author":1,"featured_media":0,"parent":0,"menu_order":0,"comment_status":"closed","ping_status":"closed","template":"","meta":[],"_links":{"self":[{"href":"https:\/\/www.lesvosrentals.gr\/tr\/index.php?rest_route=\/wp\/v2\/pages\/3399"}],"collection":[{"href":"https:\/\/www.lesvosrentals.gr\/tr\/index.php?rest_route=\/wp\/v2\/pages"}],"about":[{"href":"https:\/\/www.lesvosrentals.gr\/tr\/index.php?rest_route=\/wp\/v2\/types\/page"}],"author":[{"embeddable":true,"href":"https:\/\/www.lesvosrentals.gr\/tr\/index.php?rest_route=\/wp\/v2\/users\/1"}],"replies":[{"embeddable":true,"href":"https:\/\/www.lesvosrentals.gr\/tr\/index.php?rest_route=%2Fwp%2Fv2%2Fcomments&post=3399"}],"version-history":[{"count":8,"href":"https:\/\/www.lesvosrentals.gr\/tr\/index.php?rest_route=\/wp\/v2\/pages\/3399\/revisions"}],"predecessor-version":[{"id":3849,"href":"https:\/\/www.lesvosrentals.gr\/tr\/index.php?rest_route=\/wp\/v2\/pages\/3399\/revisions\/3849"}],"wp:attachment":[{"href":"https:\/\/www.lesvosrentals.gr\/tr\/index.php?rest_route=%2Fwp%2Fv2%2Fmedia&parent=3399"}],"curies":[{"name":"wp","href":"https:\/\/api.w.org\/{rel}","templated":true}]}}