{"id":3440,"date":"2017-08-21T07:00:20","date_gmt":"2017-08-21T07:00:20","guid":{"rendered":"http:\/\/www.lesvosrentals.gr\/tr\/?page_id=3440"},"modified":"2017-09-26T08:03:27","modified_gmt":"2017-09-26T08:03:27","slug":"southern-lesvos","status":"publish","type":"page","link":"https:\/\/www.lesvosrentals.gr\/tr\/?page_id=3440","title":{"rendered":"G\u00fcney Lesvos"},"content":{"rendered":"<div class=\"su-row\">\n<div class=\"su-column su-column-size-2-5\"><div class=\"su-column-inner su-u-clearfix su-u-trim\">\n<p style=\"text-align: justify;\">Burada tarihi Plomari \u015fehrini bulacaks\u0131n\u0131z. Plomari yolunda \u00f6nce Trigona ve Plagia, sonra billur sular\u0131 ile muhte\u015fem Agios Isidoros sahilini ge\u00e7eceksiniz. Ayr\u0131ca yine eskiyi g\u00fcn\u00fcm\u00fcze ta\u015f\u0131yan zeytinya\u011f\u0131 fabrikalar\u0131, tabakhaneler ve g\u00fcn\u00fcm\u00fczde restore edilerek modern bir k\u00fclt\u00fcr merkezi haline getirilen eski sabun fabrikas\u0131 ilginizi \u00e7ekecek.<\/p>\n<p style=\"text-align: justify;\">Bir ba\u015fka \u00f6nemli yerle\u015fim alan\u0131 harika kumsal\u0131 ile Melinda sahilinin ba\u011fl\u0131 oldu\u011fu Paleohori k\u00f6y\u00fcd\u00fcr. Ayn\u0131 sahil \u015feridinde belki de Akdeniz\u2019in en g\u00fczel kumsal\u0131 Vatera alt\u0131n rengi ile alabildi\u011fine (8 km) uzan\u0131r. \u00dcnl\u00fc turizm beldesi Vatera ziyaret\u00e7iye her t\u00fcrl\u00fc ihtiyac\u0131 sa\u011flayabilecek altyap\u0131ya sahiptir.<\/p>\n<p style=\"text-align: justify;\">G\u00fcneyin en \u00f6nemli k\u00f6ylerinden Polichnitos, konaklar\u0131 ve neoklasik resmi binalar\u0131, muhte\u015fem halkevi binas\u0131 g\u00f6r\u00fclmeye de\u011fer.<\/p>\n<p style=\"text-align: justify;\">Bu b\u00f6lgede ayr\u0131ca Asomatos ve as\u0131rl\u0131k a\u011fa\u00e7lar\u0131n \u00e7evreledi\u011fi kilisesiyle Agios Anargiros, ye\u015fillikler aras\u0131ndaki Karini, adan\u0131n en g\u00fczel do\u011fa sentezlerinden birini g\u00f6rebilece\u011finiz ve Panagia Agiasotisa Kilisesi ile Ortodokslu\u011fun ve geleneksel de\u011ferlerin emanet\u00e7isi olmu\u015f Agiasos k\u00f6y\u00fc bulunur. Bu k\u00f6y dar Arnavut kald\u0131r\u0131mlar\u0131, renkli panjur ve kap\u0131lar\u0131n s\u00fcsledi\u011fi balkonlu ta\u015f evleri ile \u00e7am, \u00e7\u0131nar ve kestane a\u011fa\u00e7lar\u0131yla kapl\u0131 bir ormanda gizlenmi\u015ftir. G\u00fcneyde bir\u00e7oklar\u0131n\u0131n adan\u0131n en karizmatik s\u00fcs\u00fc diye adland\u0131rd\u0131klar\u0131 Gera K\u00f6rfezi de yer al\u0131r. Bu k\u00f6rfezi \u00e7evreleyen yine \u00e7ok g\u00fczel k\u00f6yler g\u00f6r\u00fclmeye de\u011fer. Bug\u00fcn turistler Midilli\u2019den Gera\u2019ya uzanan g\u00fczergah boyunca k\u00f6rfez yolunda ilerlerken e\u015fsiz do\u011fa manzaras\u0131n\u0131n tad\u0131n\u0131 \u00e7\u0131kar\u0131yor ziyaret\u00e7iler.<\/p>\n<p style=\"text-align: justify;\">Denize girmek, e\u011flenmek ve y\u00f6resel tavernalarda mezeleri tatmak i\u00e7in Tarti, Evriaki ve Perama sahillerini tercih edeceksiniz.<\/p>\n<\/div><\/div><div class=\"su-column su-column-size-2-5\"><div class=\"su-column-inner su-u-clearfix su-u-trim\">\n<div class=\"su-custom-gallery su-custom-gallery-align-left su-custom-gallery-title-never su-lightbox-gallery\"><div class=\"su-custom-gallery-slide\" style=\"width:140px;height:80px\"><a href=\"https:\/\/www.lesvosrentals.gr\/tr\/wp-content\/uploads\/2017\/08\/08a-perama-port.jpg\" title=\"08a-perama-port\"><img src=\"https:\/\/www.lesvosrentals.gr\/tr\/wp-content\/uploads\/2017\/08\/08a-perama-port-140x80.jpg\" alt=\"08a-perama-port\" width=\"140\" height=\"80\" \/><span class=\"su-custom-gallery-title\">08a-perama-port<\/span><\/a><\/div><div class=\"su-custom-gallery-slide\" style=\"width:140px;height:80px\"><a href=\"https:\/\/www.lesvosrentals.gr\/tr\/wp-content\/uploads\/2017\/08\/10_evriaki.jpg\" title=\"10_evriaki\"><img src=\"https:\/\/www.lesvosrentals.gr\/tr\/wp-content\/uploads\/2017\/08\/10_evriaki-140x80.jpg\" alt=\"10_evriaki\" width=\"140\" height=\"80\" \/><span class=\"su-custom-gallery-title\">10_evriaki<\/span><\/a><\/div><div class=\"su-custom-gallery-slide\" style=\"width:140px;height:80px\"><a href=\"https:\/\/www.lesvosrentals.gr\/tr\/wp-content\/uploads\/2017\/08\/10_xoria.jpg\" title=\"10_xoria\"><img src=\"https:\/\/www.lesvosrentals.gr\/tr\/wp-content\/uploads\/2017\/08\/10_xoria-140x80.jpg\" alt=\"10_xoria\" width=\"140\" height=\"80\" \/><span class=\"su-custom-gallery-title\">10_xoria<\/span><\/a><\/div><div class=\"su-custom-gallery-slide\" style=\"width:140px;height:80px\"><a href=\"https:\/\/www.lesvosrentals.gr\/tr\/wp-content\/uploads\/2017\/08\/11a_plakplateia.jpg\" title=\"11a_plakplateia\"><img src=\"https:\/\/www.lesvosrentals.gr\/tr\/wp-content\/uploads\/2017\/08\/11a_plakplateia-140x80.jpg\" alt=\"11a_plakplateia\" width=\"140\" height=\"80\" \/><span class=\"su-custom-gallery-title\">11a_plakplateia<\/span><\/a><\/div><div class=\"su-custom-gallery-slide\" style=\"width:140px;height:80px\"><a href=\"https:\/\/www.lesvosrentals.gr\/tr\/wp-content\/uploads\/2017\/08\/11c_vilag-giera.jpg\" title=\"11c_vilag-giera\"><img src=\"https:\/\/www.lesvosrentals.gr\/tr\/wp-content\/uploads\/2017\/08\/11c_vilag-giera-140x80.jpg\" alt=\"11c_vilag-giera\" width=\"140\" height=\"80\" \/><span class=\"su-custom-gallery-title\">11c_vilag-giera<\/span><\/a><\/div><div class=\"su-custom-gallery-slide\" style=\"width:140px;height:80px\"><a href=\"https:\/\/www.lesvosrentals.gr\/tr\/wp-content\/uploads\/2017\/08\/12_giera-vil_01.jpg\" title=\"12_giera-vil_01\"><img src=\"https:\/\/www.lesvosrentals.gr\/tr\/wp-content\/uploads\/2017\/08\/12_giera-vil_01-140x80.jpg\" alt=\"12_giera-vil_01\" width=\"140\" height=\"80\" \/><span class=\"su-custom-gallery-title\">12_giera-vil_01<\/span><\/a><\/div><div class=\"su-custom-gallery-slide\" style=\"width:140px;height:80px\"><a href=\"https:\/\/www.lesvosrentals.gr\/tr\/wp-content\/uploads\/2017\/08\/12_giera-vil_02.jpg\" title=\"12_giera-vil_02\"><img src=\"https:\/\/www.lesvosrentals.gr\/tr\/wp-content\/uploads\/2017\/08\/12_giera-vil_02-140x80.jpg\" alt=\"12_giera-vil_02\" width=\"140\" height=\"80\" \/><span class=\"su-custom-gallery-title\">12_giera-vil_02<\/span><\/a><\/div><div class=\"su-custom-gallery-slide\" style=\"width:140px;height:80px\"><a href=\"https:\/\/www.lesvosrentals.gr\/tr\/wp-content\/uploads\/2017\/08\/12_giera-vil_04.jpg\" title=\"12_giera-vil_04\"><img src=\"https:\/\/www.lesvosrentals.gr\/tr\/wp-content\/uploads\/2017\/08\/12_giera-vil_04-140x80.jpg\" alt=\"12_giera-vil_04\" width=\"140\" height=\"80\" \/><span class=\"su-custom-gallery-title\">12_giera-vil_04<\/span><\/a><\/div><div class=\"su-custom-gallery-slide\" style=\"width:140px;height:80px\"><a href=\"https:\/\/www.lesvosrentals.gr\/tr\/wp-content\/uploads\/2017\/08\/12_giera-vil_06.jpg\" title=\"12_giera-vil_06\"><img src=\"https:\/\/www.lesvosrentals.gr\/tr\/wp-content\/uploads\/2017\/08\/12_giera-vil_06-140x80.jpg\" alt=\"12_giera-vil_06\" width=\"140\" height=\"80\" \/><span class=\"su-custom-gallery-title\">12_giera-vil_06<\/span><\/a><\/div><div class=\"su-custom-gallery-slide\" style=\"width:140px;height:80px\"><a href=\"https:\/\/www.lesvosrentals.gr\/tr\/wp-content\/uploads\/2017\/08\/12_giera-vil_08.jpg\" title=\"12_giera-vil_08\"><img src=\"https:\/\/www.lesvosrentals.gr\/tr\/wp-content\/uploads\/2017\/08\/12_giera-vil_08-140x80.jpg\" alt=\"12_giera-vil_08\" width=\"140\" height=\"80\" \/><span class=\"su-custom-gallery-title\">12_giera-vil_08<\/span><\/a><\/div><div class=\"su-custom-gallery-slide\" style=\"width:140px;height:80px\"><a href=\"https:\/\/www.lesvosrentals.gr\/tr\/wp-content\/uploads\/2017\/08\/12_giera-vil_09.jpg\" title=\"12_giera-vil_09\"><img src=\"https:\/\/www.lesvosrentals.gr\/tr\/wp-content\/uploads\/2017\/08\/12_giera-vil_09-140x80.jpg\" alt=\"12_giera-vil_09\" width=\"140\" height=\"80\" \/><span class=\"su-custom-gallery-title\">12_giera-vil_09<\/span><\/a><\/div><div class=\"su-custom-gallery-slide\" style=\"width:140px;height:80px\"><a href=\"https:\/\/www.lesvosrentals.gr\/tr\/wp-content\/uploads\/2017\/08\/12_giera-vil_11.jpg\" title=\"12_giera-vil_11\"><img src=\"https:\/\/www.lesvosrentals.gr\/tr\/wp-content\/uploads\/2017\/08\/12_giera-vil_11-140x80.jpg\" alt=\"12_giera-vil_11\" width=\"140\" height=\"80\" \/><span class=\"su-custom-gallery-title\">12_giera-vil_11<\/span><\/a><\/div><div class=\"su-custom-gallery-slide\" style=\"width:140px;height:80px\"><a href=\"https:\/\/www.lesvosrentals.gr\/tr\/wp-content\/uploads\/2017\/08\/12_giera-vil_12.jpg\" title=\"12_giera-vil_12\"><img src=\"https:\/\/www.lesvosrentals.gr\/tr\/wp-content\/uploads\/2017\/08\/12_giera-vil_12-140x80.jpg\" alt=\"12_giera-vil_12\" width=\"140\" height=\"80\" \/><span class=\"su-custom-gallery-title\">12_giera-vil_12<\/span><\/a><\/div><div class=\"su-custom-gallery-slide\" style=\"width:140px;height:80px\"><a href=\"https:\/\/www.lesvosrentals.gr\/tr\/wp-content\/uploads\/2017\/08\/12_giera-vil_13.jpg\" title=\"12_giera-vil_13\"><img src=\"https:\/\/www.lesvosrentals.gr\/tr\/wp-content\/uploads\/2017\/08\/12_giera-vil_13-140x80.jpg\" alt=\"12_giera-vil_13\" width=\"140\" height=\"80\" \/><span class=\"su-custom-gallery-title\">12_giera-vil_13<\/span><\/a><\/div><div class=\"su-custom-gallery-slide\" style=\"width:140px;height:80px\"><a href=\"https:\/\/www.lesvosrentals.gr\/tr\/wp-content\/uploads\/2017\/08\/12_giera-vil_14.jpg\" title=\"12_giera-vil_14\"><img src=\"https:\/\/www.lesvosrentals.gr\/tr\/wp-content\/uploads\/2017\/08\/12_giera-vil_14-140x80.jpg\" alt=\"12_giera-vil_14\" width=\"140\" height=\"80\" \/><span class=\"su-custom-gallery-title\">12_giera-vil_14<\/span><\/a><\/div><div class=\"su-custom-gallery-slide\" style=\"width:140px;height:80px\"><a href=\"https:\/\/www.lesvosrentals.gr\/tr\/wp-content\/uploads\/2017\/08\/12_giera-vil_15.jpg\" title=\"12_giera-vil_15\"><img src=\"https:\/\/www.lesvosrentals.gr\/tr\/wp-content\/uploads\/2017\/08\/12_giera-vil_15-140x80.jpg\" alt=\"12_giera-vil_15\" width=\"140\" height=\"80\" \/><span class=\"su-custom-gallery-title\">12_giera-vil_15<\/span><\/a><\/div><div class=\"su-custom-gallery-slide\" style=\"width:140px;height:80px\"><a href=\"https:\/\/www.lesvosrentals.gr\/tr\/wp-content\/uploads\/2017\/08\/12_giera-vil_16.jpg\" title=\"12_giera-vil_16\"><img src=\"https:\/\/www.lesvosrentals.gr\/tr\/wp-content\/uploads\/2017\/08\/12_giera-vil_16-140x80.jpg\" alt=\"12_giera-vil_16\" width=\"140\" height=\"80\" \/><span class=\"su-custom-gallery-title\">12_giera-vil_16<\/span><\/a><\/div><div class=\"su-custom-gallery-slide\" style=\"width:140px;height:80px\"><a href=\"https:\/\/www.lesvosrentals.gr\/tr\/wp-content\/uploads\/2017\/08\/12_giera-vil_17.jpg\" title=\"12_giera-vil_17\"><img src=\"https:\/\/www.lesvosrentals.gr\/tr\/wp-content\/uploads\/2017\/08\/12_giera-vil_17-140x80.jpg\" alt=\"12_giera-vil_17\" width=\"140\" height=\"80\" \/><span class=\"su-custom-gallery-title\">12_giera-vil_17<\/span><\/a><\/div><div class=\"su-custom-gallery-slide\" style=\"width:140px;height:80px\"><a href=\"https:\/\/www.lesvosrentals.gr\/tr\/wp-content\/uploads\/2017\/08\/12_giera-vil_18.jpg\" title=\"12_giera-vil_18\"><img src=\"https:\/\/www.lesvosrentals.gr\/tr\/wp-content\/uploads\/2017\/08\/12_giera-vil_18-140x80.jpg\" alt=\"12_giera-vil_18\" width=\"140\" height=\"80\" \/><span class=\"su-custom-gallery-title\">12_giera-vil_18<\/span><\/a><\/div><div class=\"su-custom-gallery-slide\" style=\"width:140px;height:80px\"><a href=\"https:\/\/www.lesvosrentals.gr\/tr\/wp-content\/uploads\/2017\/08\/12_giera-vil_19.jpg\" title=\"12_giera-vil_19\"><img src=\"https:\/\/www.lesvosrentals.gr\/tr\/wp-content\/uploads\/2017\/08\/12_giera-vil_19-140x80.jpg\" alt=\"12_giera-vil_19\" width=\"140\" height=\"80\" \/><span class=\"su-custom-gallery-title\">12_giera-vil_19<\/span><\/a><\/div><div class=\"su-custom-gallery-slide\" style=\"width:140px;height:80px\"><a href=\"https:\/\/www.lesvosrentals.gr\/tr\/wp-content\/uploads\/2017\/08\/13_evergetoulas_01.jpg\" title=\"13_evergetoulas_01\"><img src=\"https:\/\/www.lesvosrentals.gr\/tr\/wp-content\/uploads\/2017\/08\/13_evergetoulas_01-140x80.jpg\" alt=\"13_evergetoulas_01\" width=\"140\" height=\"80\" \/><span class=\"su-custom-gallery-title\">13_evergetoulas_01<\/span><\/a><\/div><div class=\"su-custom-gallery-slide\" style=\"width:140px;height:80px\"><a href=\"https:\/\/www.lesvosrentals.gr\/tr\/wp-content\/uploads\/2017\/08\/13_evergetoulas_02.jpg\" title=\"13_evergetoulas_02\"><img src=\"https:\/\/www.lesvosrentals.gr\/tr\/wp-content\/uploads\/2017\/08\/13_evergetoulas_02-140x80.jpg\" alt=\"13_evergetoulas_02\" width=\"140\" height=\"80\" \/><span class=\"su-custom-gallery-title\">13_evergetoulas_02<\/span><\/a><\/div><div class=\"su-custom-gallery-slide\" style=\"width:140px;height:80px\"><a href=\"https:\/\/www.lesvosrentals.gr\/tr\/wp-content\/uploads\/2017\/08\/13_evergetoulas_03.jpg\" title=\"13_evergetoulas_03\"><img src=\"https:\/\/www.lesvosrentals.gr\/tr\/wp-content\/uploads\/2017\/08\/13_evergetoulas_03-140x80.jpg\" alt=\"13_evergetoulas_03\" width=\"140\" height=\"80\" \/><span class=\"su-custom-gallery-title\">13_evergetoulas_03<\/span><\/a><\/div><div class=\"su-custom-gallery-slide\" style=\"width:140px;height:80px\"><a href=\"https:\/\/www.lesvosrentals.gr\/tr\/wp-content\/uploads\/2017\/08\/13_evergetoulas_04.jpg\" title=\"13_evergetoulas_04\"><img src=\"https:\/\/www.lesvosrentals.gr\/tr\/wp-content\/uploads\/2017\/08\/13_evergetoulas_04-140x80.jpg\" alt=\"13_evergetoulas_04\" width=\"140\" height=\"80\" \/><span class=\"su-custom-gallery-title\">13_evergetoulas_04<\/span><\/a><\/div><div class=\"su-custom-gallery-slide\" style=\"width:140px;height:80px\"><a href=\"https:\/\/www.lesvosrentals.gr\/tr\/wp-content\/uploads\/2017\/08\/13_evergetoulas_05.jpg\" title=\"13_evergetoulas_05\"><img src=\"https:\/\/www.lesvosrentals.gr\/tr\/wp-content\/uploads\/2017\/08\/13_evergetoulas_05-140x80.jpg\" alt=\"13_evergetoulas_05\" width=\"140\" height=\"80\" \/><span class=\"su-custom-gallery-title\">13_evergetoulas_05<\/span><\/a><\/div><div class=\"su-custom-gallery-slide\" style=\"width:140px;height:80px\"><a href=\"https:\/\/www.lesvosrentals.gr\/tr\/wp-content\/uploads\/2017\/08\/13_evergetoulas_06.jpg\" title=\"13_evergetoulas_06\"><img src=\"https:\/\/www.lesvosrentals.gr\/tr\/wp-content\/uploads\/2017\/08\/13_evergetoulas_06-140x80.jpg\" alt=\"13_evergetoulas_06\" width=\"140\" height=\"80\" \/><span class=\"su-custom-gallery-title\">13_evergetoulas_06<\/span><\/a><\/div><div class=\"su-custom-gallery-slide\" style=\"width:140px;height:80px\"><a href=\"https:\/\/www.lesvosrentals.gr\/tr\/wp-content\/uploads\/2017\/08\/13_evergetoulas_08.jpg\" title=\"13_evergetoulas_08\"><img src=\"https:\/\/www.lesvosrentals.gr\/tr\/wp-content\/uploads\/2017\/08\/13_evergetoulas_08-140x80.jpg\" alt=\"13_evergetoulas_08\" width=\"140\" height=\"80\" \/><span class=\"su-custom-gallery-title\">13_evergetoulas_08<\/span><\/a><\/div><div class=\"su-custom-gallery-slide\" style=\"width:140px;height:80px\"><a href=\"https:\/\/www.lesvosrentals.gr\/tr\/wp-content\/uploads\/2017\/08\/15_plomari_00.jpg\" title=\"15_plomari_00\"><img src=\"https:\/\/www.lesvosrentals.gr\/tr\/wp-content\/uploads\/2017\/08\/15_plomari_00-140x80.jpg\" alt=\"15_plomari_00\" width=\"140\" height=\"80\" \/><span class=\"su-custom-gallery-title\">15_plomari_00<\/span><\/a><\/div><div class=\"su-custom-gallery-slide\" style=\"width:140px;height:80px\"><a href=\"https:\/\/www.lesvosrentals.gr\/tr\/wp-content\/uploads\/2017\/08\/15_plomari_00a.jpg\" title=\"15_plomari_00a\"><img src=\"https:\/\/www.lesvosrentals.gr\/tr\/wp-content\/uploads\/2017\/08\/15_plomari_00a-140x80.jpg\" alt=\"15_plomari_00a\" width=\"140\" height=\"80\" \/><span class=\"su-custom-gallery-title\">15_plomari_00a<\/span><\/a><\/div><div class=\"su-custom-gallery-slide\" style=\"width:140px;height:80px\"><a href=\"https:\/\/www.lesvosrentals.gr\/tr\/wp-content\/uploads\/2017\/08\/15_plomari_01.jpg\" title=\"15_plomari_01\"><img src=\"https:\/\/www.lesvosrentals.gr\/tr\/wp-content\/uploads\/2017\/08\/15_plomari_01-140x80.jpg\" alt=\"15_plomari_01\" width=\"140\" height=\"80\" \/><span class=\"su-custom-gallery-title\">15_plomari_01<\/span><\/a><\/div><div class=\"su-custom-gallery-slide\" style=\"width:140px;height:80px\"><a href=\"https:\/\/www.lesvosrentals.gr\/tr\/wp-content\/uploads\/2017\/08\/15_plomari_02.jpg\" title=\"15_plomari_02\"><img src=\"https:\/\/www.lesvosrentals.gr\/tr\/wp-content\/uploads\/2017\/08\/15_plomari_02-140x80.jpg\" alt=\"15_plomari_02\" width=\"140\" height=\"80\" \/><span class=\"su-custom-gallery-title\">15_plomari_02<\/span><\/a><\/div><div class=\"su-custom-gallery-slide\" style=\"width:140px;height:80px\"><a href=\"https:\/\/www.lesvosrentals.gr\/tr\/wp-content\/uploads\/2017\/08\/15_plomari_04.jpg\" title=\"15_plomari_04\"><img src=\"https:\/\/www.lesvosrentals.gr\/tr\/wp-content\/uploads\/2017\/08\/15_plomari_04-140x80.jpg\" alt=\"15_plomari_04\" width=\"140\" height=\"80\" \/><span class=\"su-custom-gallery-title\">15_plomari_04<\/span><\/a><\/div><div class=\"su-custom-gallery-slide\" style=\"width:140px;height:80px\"><a href=\"https:\/\/www.lesvosrentals.gr\/tr\/wp-content\/uploads\/2017\/08\/15_plomari_06.jpg\" title=\"15_plomari_06\"><img src=\"https:\/\/www.lesvosrentals.gr\/tr\/wp-content\/uploads\/2017\/08\/15_plomari_06-140x80.jpg\" alt=\"15_plomari_06\" width=\"140\" height=\"80\" \/><span class=\"su-custom-gallery-title\">15_plomari_06<\/span><\/a><\/div><div class=\"su-custom-gallery-slide\" style=\"width:140px;height:80px\"><a href=\"https:\/\/www.lesvosrentals.gr\/tr\/wp-content\/uploads\/2017\/08\/15_plomari_07.jpg\" title=\"15_plomari_07\"><img src=\"https:\/\/www.lesvosrentals.gr\/tr\/wp-content\/uploads\/2017\/08\/15_plomari_07-140x80.jpg\" alt=\"15_plomari_07\" width=\"140\" height=\"80\" \/><span class=\"su-custom-gallery-title\">15_plomari_07<\/span><\/a><\/div><div class=\"su-custom-gallery-slide\" style=\"width:140px;height:80px\"><a href=\"https:\/\/www.lesvosrentals.gr\/tr\/wp-content\/uploads\/2017\/08\/15_plomari_08.jpg\" title=\"15_plomari_08\"><img src=\"https:\/\/www.lesvosrentals.gr\/tr\/wp-content\/uploads\/2017\/08\/15_plomari_08-140x80.jpg\" alt=\"15_plomari_08\" width=\"140\" height=\"80\" \/><span class=\"su-custom-gallery-title\">15_plomari_08<\/span><\/a><\/div><div class=\"su-custom-gallery-slide\" style=\"width:140px;height:80px\"><a href=\"https:\/\/www.lesvosrentals.gr\/tr\/wp-content\/uploads\/2017\/08\/15_plomari_08a.jpg\" title=\"15_plomari_08a\"><img src=\"https:\/\/www.lesvosrentals.gr\/tr\/wp-content\/uploads\/2017\/08\/15_plomari_08a-140x80.jpg\" alt=\"15_plomari_08a\" width=\"140\" height=\"80\" \/><span class=\"su-custom-gallery-title\">15_plomari_08a<\/span><\/a><\/div><div class=\"su-custom-gallery-slide\" style=\"width:140px;height:80px\"><a href=\"https:\/\/www.lesvosrentals.gr\/tr\/wp-content\/uploads\/2017\/08\/15_plomari_09.jpg\" title=\"15_plomari_09\"><img src=\"https:\/\/www.lesvosrentals.gr\/tr\/wp-content\/uploads\/2017\/08\/15_plomari_09-140x80.jpg\" alt=\"15_plomari_09\" width=\"140\" height=\"80\" \/><span class=\"su-custom-gallery-title\">15_plomari_09<\/span><\/a><\/div><div class=\"su-custom-gallery-slide\" style=\"width:140px;height:80px\"><a href=\"https:\/\/www.lesvosrentals.gr\/tr\/wp-content\/uploads\/2017\/08\/15_plomari_13.jpg\" title=\"15_plomari_13\"><img src=\"https:\/\/www.lesvosrentals.gr\/tr\/wp-content\/uploads\/2017\/08\/15_plomari_13-140x80.jpg\" alt=\"15_plomari_13\" width=\"140\" height=\"80\" \/><span class=\"su-custom-gallery-title\">15_plomari_13<\/span><\/a><\/div><div class=\"su-custom-gallery-slide\" style=\"width:140px;height:80px\"><a href=\"https:\/\/www.lesvosrentals.gr\/tr\/wp-content\/uploads\/2017\/08\/15_plomari_14.jpg\" title=\"15_plomari_14\"><img src=\"https:\/\/www.lesvosrentals.gr\/tr\/wp-content\/uploads\/2017\/08\/15_plomari_14-140x80.jpg\" alt=\"15_plomari_14\" width=\"140\" height=\"80\" \/><span class=\"su-custom-gallery-title\">15_plomari_14<\/span><\/a><\/div><div class=\"su-custom-gallery-slide\" style=\"width:140px;height:80px\"><a href=\"https:\/\/www.lesvosrentals.gr\/tr\/wp-content\/uploads\/2017\/08\/16_vatera_01.jpg\" title=\"16_vatera_01\"><img src=\"https:\/\/www.lesvosrentals.gr\/tr\/wp-content\/uploads\/2017\/08\/16_vatera_01-140x80.jpg\" alt=\"16_vatera_01\" width=\"140\" height=\"80\" \/><span class=\"su-custom-gallery-title\">16_vatera_01<\/span><\/a><\/div><div class=\"su-custom-gallery-slide\" style=\"width:140px;height:80px\"><a href=\"https:\/\/www.lesvosrentals.gr\/tr\/wp-content\/uploads\/2017\/08\/16_vatera_03.jpg\" title=\"16_vatera_03\"><img src=\"https:\/\/www.lesvosrentals.gr\/tr\/wp-content\/uploads\/2017\/08\/16_vatera_03-140x80.jpg\" alt=\"16_vatera_03\" width=\"140\" height=\"80\" \/><span class=\"su-custom-gallery-title\">16_vatera_03<\/span><\/a><\/div><div class=\"su-custom-gallery-slide\" style=\"width:140px;height:80px\"><a href=\"https:\/\/www.lesvosrentals.gr\/tr\/wp-content\/uploads\/2017\/08\/16_vatera_04.jpg\" title=\"16_vatera_04\"><img src=\"https:\/\/www.lesvosrentals.gr\/tr\/wp-content\/uploads\/2017\/08\/16_vatera_04-140x80.jpg\" alt=\"16_vatera_04\" width=\"140\" height=\"80\" \/><span class=\"su-custom-gallery-title\">16_vatera_04<\/span><\/a><\/div><div class=\"su-custom-gallery-slide\" style=\"width:140px;height:80px\"><a href=\"https:\/\/www.lesvosrentals.gr\/tr\/wp-content\/uploads\/2017\/08\/16_vatera_05.jpg\" title=\"16_vatera_05\"><img src=\"https:\/\/www.lesvosrentals.gr\/tr\/wp-content\/uploads\/2017\/08\/16_vatera_05-140x80.jpg\" alt=\"16_vatera_05\" width=\"140\" height=\"80\" \/><span class=\"su-custom-gallery-title\">16_vatera_05<\/span><\/a><\/div><div class=\"su-custom-gallery-slide\" style=\"width:140px;height:80px\"><a href=\"https:\/\/www.lesvosrentals.gr\/tr\/wp-content\/uploads\/2017\/08\/16_vatera_06.jpg\" title=\"16_vatera_06\"><img src=\"https:\/\/www.lesvosrentals.gr\/tr\/wp-content\/uploads\/2017\/08\/16_vatera_06-140x80.jpg\" alt=\"16_vatera_06\" width=\"140\" height=\"80\" \/><span class=\"su-custom-gallery-title\">16_vatera_06<\/span><\/a><\/div><div class=\"su-clear\"><\/div><\/div>\n<\/div><\/div><div class=\"su-column su-column-size-1-5\"><div class=\"su-column-inner su-u-clearfix su-u-trim\">\n<div class=\"su-button-center\"><a href=\"http:\/\/www.lesvosrentals.gr\/tr\/?page_id=3247\" class=\"su-button su-button-style-soft su-button-wide\" style=\"color:#FFFFFF;background-color:#0072ff;border-color:#005ccc;border-radius:5px\" target=\"_self\"><span style=\"color:#FFFFFF;padding:6px 18px;font-size:14px;line-height:21px;border-color:#4d9dff;border-radius:5px;text-shadow:none\"><i class=\"sui sui-photo\" style=\"font-size:14px;color:#FFFFFF\"><\/i> Lesvos Adas\u0131<\/span><\/a><\/div>\n<div class=\"su-button-center\"><a href=\"http:\/\/www.lesvosrentals.gr\/tr\/?page_id=3304\" class=\"su-button su-button-style-soft su-button-wide\" style=\"color:#FFFFFF;background-color:#e77844;border-color:#b96037;border-radius:5px\" target=\"_self\"><span style=\"color:#FFFFFF;padding:6px 18px;font-size:14px;line-height:21px;border-color:#efa17d;border-radius:5px;text-shadow:none\"><i class=\"sui sui-road\" style=\"font-size:14px;color:#FFFFFF\"><\/i> Do\u011fu Lesvos<\/span><\/a><\/div>\n<div class=\"su-button-center\"><a href=\"http:\/\/www.lesvosrentals.gr\/tr\/?page_id=3343\" class=\"su-button su-button-style-soft su-button-wide\" style=\"color:#FFFFFF;background-color:#e77844;border-color:#b96037;border-radius:5px\" target=\"_self\"><span style=\"color:#FFFFFF;padding:6px 18px;font-size:14px;line-height:21px;border-color:#efa17d;border-radius:5px;text-shadow:none\"><i class=\"sui sui-road\" style=\"font-size:14px;color:#FFFFFF\"><\/i> Kuzey Lesvos<\/span><\/a><\/div>\n<div class=\"su-button-center\"><a href=\"http:\/\/www.lesvosrentals.gr\/tr\/?page_id=3399\" class=\"su-button su-button-style-soft su-button-wide\" style=\"color:#FFFFFF;background-color:#e77844;border-color:#b96037;border-radius:5px\" target=\"_self\"><span style=\"color:#FFFFFF;padding:6px 18px;font-size:14px;line-height:21px;border-color:#efa17d;border-radius:5px;text-shadow:none\"><i class=\"sui sui-road\" style=\"font-size:14px;color:#FFFFFF\"><\/i> Bat\u0131 Lesvos<\/span><\/a><\/div>\n<div class=\"su-button-center\"><a href=\"http:\/\/www.lesvosrentals.gr\/tr\/?page_id=3440\" class=\"su-button su-button-style-soft su-button-wide\" style=\"color:#FFFFFF;background-color:#e77844;border-color:#b96037;border-radius:5px\" target=\"_self\"><span style=\"color:#FFFFFF;padding:6px 18px;font-size:14px;line-height:21px;border-color:#efa17d;border-radius:5px;text-shadow:none\"><i class=\"sui sui-road\" style=\"font-size:14px;color:#FFFFFF\"><\/i> G\u00fcney Lesvos<\/span><\/a><\/div>\n<div class=\"su-button-center\"><a href=\"http:\/\/www.lesvosrentals.gr\/tr\/?page_id=3367\" class=\"su-button su-button-style-soft su-button-wide\" style=\"color:#FFFFFF;background-color:#e77844;border-color:#b96037;border-radius:5px\" target=\"_self\"><span style=\"color:#FFFFFF;padding:6px 18px;font-size:14px;line-height:21px;border-color:#efa17d;border-radius:5px;text-shadow:none\"><i class=\"sui sui-road\" style=\"font-size:14px;color:#FFFFFF\"><\/i> Merkez Lesvos<\/span><\/a><\/div>\n<div class=\"su-button-center\"><a href=\"http:\/\/www.lesvosrentals.gr\/tr\/?page_id=3509\" class=\"su-button su-button-style-soft su-button-wide\" style=\"color:#FFFFFF;background-color:#0072ff;border-color:#005ccc;border-radius:5px\" target=\"_self\"><span style=\"color:#FFFFFF;padding:6px 18px;font-size:14px;line-height:21px;border-color:#4d9dff;border-radius:5px;text-shadow:none\"><i class=\"sui sui-map-marker\" style=\"font-size:14px;color:#FFFFFF\"><\/i> Lesvos Haritas\u0131<\/span><\/a><\/div>\n<\/div><\/div>\n<\/div>\n","protected":false},"excerpt":{"rendered":"Burada tarihi Plomari \u015fehrini bulacaks\u0131n\u0131z. Plomari yolunda \u00f6nce Trigona ve Plagia, sonra billur sular\u0131 ile muhte\u015fem Agios Isidoros sahilini ge\u00e7eceksiniz. Ayr\u0131ca yine eskiyi g\u00fcn\u00fcm\u00fcze ta\u015f\u0131yan zeytinya\u011f\u0131 fabrikalar\u0131, tabakhaneler ve g\u00fcn\u00fcm\u00fczde restore edilerek modern bir k\u00fclt\u00fcr merkezi haline getirilen eski sabun [...]","protected":false},"author":1,"featured_media":0,"parent":0,"menu_order":0,"comment_status":"closed","ping_status":"closed","template":"","meta":[],"_links":{"self":[{"href":"https:\/\/www.lesvosrentals.gr\/tr\/index.php?rest_route=\/wp\/v2\/pages\/3440"}],"collection":[{"href":"https:\/\/www.lesvosrentals.gr\/tr\/index.php?rest_route=\/wp\/v2\/pages"}],"about":[{"href":"https:\/\/www.lesvosrentals.gr\/tr\/index.php?rest_route=\/wp\/v2\/types\/page"}],"author":[{"embeddable":true,"href":"https:\/\/www.lesvosrentals.gr\/tr\/index.php?rest_route=\/wp\/v2\/users\/1"}],"replies":[{"embeddable":true,"href":"https:\/\/www.lesvosrentals.gr\/tr\/index.php?rest_route=%2Fwp%2Fv2%2Fcomments&post=3440"}],"version-history":[{"count":10,"href":"https:\/\/www.lesvosrentals.gr\/tr\/index.php?rest_route=\/wp\/v2\/pages\/3440\/revisions"}],"predecessor-version":[{"id":3845,"href":"https:\/\/www.lesvosrentals.gr\/tr\/index.php?rest_route=\/wp\/v2\/pages\/3440\/revisions\/3845"}],"wp:attachment":[{"href":"https:\/\/www.lesvosrentals.gr\/tr\/index.php?rest_route=%2Fwp%2Fv2%2Fmedia&parent=3440"}],"curies":[{"name":"wp","href":"https:\/\/api.w.org\/{rel}","templated":true}]}}