{"id":3509,"date":"2017-08-21T09:53:56","date_gmt":"2017-08-21T09:53:56","guid":{"rendered":"http:\/\/www.lesvosrentals.gr\/tr\/?page_id=3509"},"modified":"2017-09-26T08:04:55","modified_gmt":"2017-09-26T08:04:55","slug":"map-of-lesvos","status":"publish","type":"page","link":"https:\/\/www.lesvosrentals.gr\/tr\/?page_id=3509","title":{"rendered":"Lesvos Haritas\u0131"},"content":{"rendered":"<div class=\"su-row\">\n<div class=\"su-column su-column-size-4-5\"><div class=\"su-column-inner su-u-clearfix su-u-trim\">\n<div class=\"su-gmap su-u-responsive-media-yes\"><iframe width=\"600\" height=\"400\" src=\"\/\/maps.google.com\/maps?q=Lesvos%20Island&amp;output=embed\" title=\"\"><\/iframe><\/div>\n<\/div><\/div><div class=\"su-column su-column-size-1-5\"><div class=\"su-column-inner su-u-clearfix su-u-trim\">\n<div class=\"su-button-center\"><a href=\"http:\/\/www.lesvosrentals.gr\/tr\/?page_id=3247\" class=\"su-button su-button-style-soft su-button-wide\" style=\"color:#FFFFFF;background-color:#0072ff;border-color:#005ccc;border-radius:5px\" target=\"_self\"><span style=\"color:#FFFFFF;padding:6px 18px;font-size:14px;line-height:21px;border-color:#4d9dff;border-radius:5px;text-shadow:none\"><i class=\"sui sui-photo\" style=\"font-size:14px;color:#FFFFFF\"><\/i> Lesvos Adas\u0131<\/span><\/a><\/div>\n<div class=\"su-button-center\"><a href=\"http:\/\/www.lesvosrentals.gr\/tr\/?page_id=3304\" class=\"su-button su-button-style-soft su-button-wide\" style=\"color:#FFFFFF;background-color:#e77844;border-color:#b96037;border-radius:5px\" target=\"_self\"><span style=\"color:#FFFFFF;padding:6px 18px;font-size:14px;line-height:21px;border-color:#efa17d;border-radius:5px;text-shadow:none\"><i class=\"sui sui-road\" style=\"font-size:14px;color:#FFFFFF\"><\/i> Do\u011fu Lesvos<\/span><\/a><\/div>\n<div class=\"su-button-center\"><a href=\"http:\/\/www.lesvosrentals.gr\/tr\/?page_id=3343\" class=\"su-button su-button-style-soft su-button-wide\" style=\"color:#FFFFFF;background-color:#e77844;border-color:#b96037;border-radius:5px\" target=\"_self\"><span style=\"color:#FFFFFF;padding:6px 18px;font-size:14px;line-height:21px;border-color:#efa17d;border-radius:5px;text-shadow:none\"><i class=\"sui sui-road\" style=\"font-size:14px;color:#FFFFFF\"><\/i> Kuzey Lesvos<\/span><\/a><\/div>\n<div class=\"su-button-center\"><a href=\"http:\/\/www.lesvosrentals.gr\/tr\/?page_id=3399\" class=\"su-button su-button-style-soft su-button-wide\" style=\"color:#FFFFFF;background-color:#e77844;border-color:#b96037;border-radius:5px\" target=\"_self\"><span style=\"color:#FFFFFF;padding:6px 18px;font-size:14px;line-height:21px;border-color:#efa17d;border-radius:5px;text-shadow:none\"><i class=\"sui sui-road\" style=\"font-size:14px;color:#FFFFFF\"><\/i> Bat\u0131 Lesvos<\/span><\/a><\/div>\n<div class=\"su-button-center\"><a href=\"http:\/\/www.lesvosrentals.gr\/tr\/?page_id=3440\" class=\"su-button su-button-style-soft su-button-wide\" style=\"color:#FFFFFF;background-color:#e77844;border-color:#b96037;border-radius:5px\" target=\"_self\"><span style=\"color:#FFFFFF;padding:6px 18px;font-size:14px;line-height:21px;border-color:#efa17d;border-radius:5px;text-shadow:none\"><i class=\"sui sui-road\" style=\"font-size:14px;color:#FFFFFF\"><\/i> G\u00fcney Lesvos<\/span><\/a><\/div>\n<div class=\"su-button-center\"><a href=\"http:\/\/www.lesvosrentals.gr\/tr\/?page_id=3367\" class=\"su-button su-button-style-soft su-button-wide\" style=\"color:#FFFFFF;background-color:#e77844;border-color:#b96037;border-radius:5px\" target=\"_self\"><span style=\"color:#FFFFFF;padding:6px 18px;font-size:14px;line-height:21px;border-color:#efa17d;border-radius:5px;text-shadow:none\"><i class=\"sui sui-road\" style=\"font-size:14px;color:#FFFFFF\"><\/i> Merkez Lesvos<\/span><\/a><\/div>\n<div class=\"su-button-center\"><a href=\"http:\/\/www.lesvosrentals.gr\/tr\/?page_id=3509\" class=\"su-button su-button-style-soft su-button-wide\" style=\"color:#FFFFFF;background-color:#0072ff;border-color:#005ccc;border-radius:5px\" target=\"_self\"><span style=\"color:#FFFFFF;padding:6px 18px;font-size:14px;line-height:21px;border-color:#4d9dff;border-radius:5px;text-shadow:none\"><i class=\"sui sui-map-marker\" style=\"font-size:14px;color:#FFFFFF\"><\/i> Lesvos Haritas\u0131<\/span><\/a><\/div>\n<\/div><\/div>\n<\/div>\n","protected":false},"excerpt":{"rendered":"Lesvos Adas\u0131 Do\u011fu Lesvos Kuzey Lesvos Bat\u0131 Lesvos G\u00fcney Lesvos Merkez Lesvos Lesvos Haritas\u0131","protected":false},"author":1,"featured_media":0,"parent":0,"menu_order":0,"comment_status":"closed","ping_status":"closed","template":"","meta":[],"_links":{"self":[{"href":"https:\/\/www.lesvosrentals.gr\/tr\/index.php?rest_route=\/wp\/v2\/pages\/3509"}],"collection":[{"href":"https:\/\/www.lesvosrentals.gr\/tr\/index.php?rest_route=\/wp\/v2\/pages"}],"about":[{"href":"https:\/\/www.lesvosrentals.gr\/tr\/index.php?rest_route=\/wp\/v2\/types\/page"}],"author":[{"embeddable":true,"href":"https:\/\/www.lesvosrentals.gr\/tr\/index.php?rest_route=\/wp\/v2\/users\/1"}],"replies":[{"embeddable":true,"href":"https:\/\/www.lesvosrentals.gr\/tr\/index.php?rest_route=%2Fwp%2Fv2%2Fcomments&post=3509"}],"version-history":[{"count":8,"href":"https:\/\/www.lesvosrentals.gr\/tr\/index.php?rest_route=\/wp\/v2\/pages\/3509\/revisions"}],"predecessor-version":[{"id":3846,"href":"https:\/\/www.lesvosrentals.gr\/tr\/index.php?rest_route=\/wp\/v2\/pages\/3509\/revisions\/3846"}],"wp:attachment":[{"href":"https:\/\/www.lesvosrentals.gr\/tr\/index.php?rest_route=%2Fwp%2Fv2%2Fmedia&parent=3509"}],"curies":[{"name":"wp","href":"https:\/\/api.w.org\/{rel}","templated":true}]}}